{"id":11311,"date":"2021-12-17T13:09:59","date_gmt":"2021-12-17T12:09:59","guid":{"rendered":"https:\/\/mate-tronix.com\/?page_id=11311"},"modified":"2024-12-30T10:58:13","modified_gmt":"2024-12-30T09:58:13","slug":"geschichte","status":"publish","type":"page","link":"https:\/\/mate-tronix.com\/en\/geschichte\/","title":{"rendered":"Milestones in the company's history"},"content":{"rendered":"<div data-elementor-type=\"wp-page\" data-elementor-id=\"11311\" class=\"elementor elementor-11311\" data-elementor-post-type=\"page\">\n\t\t\t\t\t\t<section class=\"elementor-section elementor-top-section elementor-element elementor-element-a434136 elementor-section-boxed elementor-section-height-default elementor-section-height-default\" data-id=\"a434136\" data-element_type=\"section\" data-e-type=\"section\">\n\t\t\t\t\t\t<div class=\"elementor-container elementor-column-gap-default\">\n\t\t\t\t\t<div class=\"elementor-column elementor-col-100 elementor-top-column elementor-element elementor-element-3f78ead top column-style-top\" data-id=\"3f78ead\" data-element_type=\"column\" data-e-type=\"column\">\n\t\t\t<div class=\"elementor-widget-wrap elementor-element-populated\">\n\t\t\t\t\t\t<div class=\"elementor-element elementor-element-11b117f custom-timeline elementor-widget elementor-widget-timeline-widget-addon\" data-id=\"11b117f\" data-element_type=\"widget\" data-e-type=\"widget\" data-widget_type=\"timeline-widget-addon.default\">\n\t\t\t\t<div class=\"elementor-widget-container\">\n\t\t\t\t\t<!-- ========= Timeline Widget Addon For Elementor 1.6.7 ========= -->\n<div id=\"twae-wrapper-11b117f\" class=\"twae-vertical twae-wrapper  twae-both-sided\">   \n    <div class=\"twae-start\"><\/div>    \n    <div id=\"twea-timeline-11b117f\" class=\"twae-timeline\" ><!-- Start of Story Repeater Content --><div id=\"story-09b7881\" class=\"twae-story twae-repeater-item twae-story-right twae-story-no-icon\"><!-- Story Label --><div class=\"twae-labels\"><div class=\"twae-label-big\">2025<\/div><\/div><!-- Story Icon --><div class=\"twae-icon\"><i aria-hidden=\"true\" class=\"far fa-clock\"><\/i><\/div><!-- Story Arrow --><div class=\"twae-arrow\"><\/div><!-- Start of Story Content --><div class=\"twae-content\"><!-- Story Description --><div class=\"twae-description\"><p>The operating business of Selectrona GmbH and Selectrona s.r.o. is taken over by MATEtronix GmbH &amp; Co. KG and MATEtronix s.r.o. <\/p><\/div><\/div><\/div><!-- Start of Story Repeater Content --><div id=\"story-0b187e4\" class=\"twae-story twae-repeater-item twae-story-left twae-story-no-icon\"><!-- Story Label --><div class=\"twae-labels\"><div class=\"twae-label-big\">2024<\/div><\/div><!-- Story Icon --><div class=\"twae-icon\"><i aria-hidden=\"true\" class=\"far fa-clock\"><\/i><\/div><!-- Story Arrow --><div class=\"twae-arrow\"><\/div><!-- Start of Story Content --><div class=\"twae-content\"><!-- Story Description --><div class=\"twae-description\"><p>Major investment in a new Kaiser press<\/p><\/div><\/div><\/div><!-- Start of Story Repeater Content --><div id=\"story-cf682f3\" class=\"twae-story twae-repeater-item twae-story-right twae-story-no-icon\"><!-- Story Label --><div class=\"twae-labels\"><div class=\"twae-label-big\">2023<\/div><\/div><!-- Story Icon --><div class=\"twae-icon\"><i aria-hidden=\"true\" class=\"far fa-clock\"><\/i><\/div><!-- Story Arrow --><div class=\"twae-arrow\"><\/div><!-- Start of Story Content --><div class=\"twae-content\"><!-- Story Description --><div class=\"twae-description\"><p>Delivery of the major investment of four new injection molding machines (type 520, 570, 630 and 720) from Arburg<\/p><\/div><\/div><\/div><!-- Start of Story Repeater Content --><div id=\"story-734c210\" class=\"twae-story twae-repeater-item twae-story-left twae-story-no-icon\"><!-- Story Label --><div class=\"twae-labels\"><div class=\"twae-label-big\">2022<\/div><\/div><!-- Story Icon --><div class=\"twae-icon\"><i aria-hidden=\"true\" class=\"fab fa-periscope\"><\/i><\/div><!-- Story Arrow --><div class=\"twae-arrow\"><\/div><!-- Start of Story Content --><div class=\"twae-content\"><!-- Story Description --><div class=\"twae-description\"><p>Major investment in a new milling centre at the Reinholdshain site<\/p><\/div><\/div><\/div><!-- Start of Story Repeater Content --><div id=\"story-ac1512c\" class=\"twae-story twae-repeater-item twae-story-right twae-story-no-icon\"><!-- Story Label --><div class=\"twae-labels\"><div class=\"twae-label-big\">2021<\/div><\/div><!-- Story Icon --><div class=\"twae-icon\"><i aria-hidden=\"true\" class=\"fab fa-periscope\"><\/i><\/div><!-- Story Arrow --><div class=\"twae-arrow\"><\/div><!-- Start of Story Content --><div class=\"twae-content\"><!-- Story Description --><div class=\"twae-description\"><p>Investments in, among other things, an EDM machine and a milling machine, as well as in the IT area.<\/p><\/div><\/div><\/div><!-- Start of Story Repeater Content --><div id=\"story-82be1ab\" class=\"twae-story twae-repeater-item twae-story-left twae-story-no-icon\"><!-- Story Label --><div class=\"twae-labels\"><div class=\"twae-label-big\">2020<\/div><\/div><!-- Story Icon --><div class=\"twae-icon\"><i aria-hidden=\"true\" class=\"fab fa-periscope\"><\/i><\/div><!-- Story Arrow --><div class=\"twae-arrow\"><\/div><!-- Start of Story Content --><div class=\"twae-content\"><!-- Story Description --><div class=\"twae-description\"><p>Termination of the insolvency plan proceedings<\/p><\/div><\/div><\/div><!-- Start of Story Repeater Content --><div id=\"story-5f8c6e3\" class=\"twae-story twae-repeater-item twae-story-right twae-story-no-icon\"><!-- Story Label --><div class=\"twae-labels\"><div class=\"twae-label-big\">2019<\/div><\/div><!-- Story Icon --><div class=\"twae-icon\"><i aria-hidden=\"true\" class=\"fab fa-periscope\"><\/i><\/div><!-- Story Arrow --><div class=\"twae-arrow\"><\/div><!-- Start of Story Content --><div class=\"twae-content\"><!-- Story Description --><div class=\"twae-description\"><p>Takeover by Walter S\u00f6hner Technologie Beratung GmbH as an experienced strategic investor<br \/>Successful completion of the restructuring<\/p><\/div><\/div><\/div><!-- Start of Story Repeater Content --><div id=\"story-0010d2d\" class=\"twae-story twae-repeater-item twae-story-left twae-story-no-icon\"><!-- Story Label --><div class=\"twae-labels\"><div class=\"twae-label-big\">2018<\/div><\/div><!-- Story Icon --><div class=\"twae-icon\"><i aria-hidden=\"true\" class=\"fab fa-periscope\"><\/i><\/div><!-- Story Arrow --><div class=\"twae-arrow\"><\/div><!-- Start of Story Content --><div class=\"twae-content\"><!-- Story Description --><div class=\"twae-description\"><p>Insolvency and initiation of insolvency plan proceedings in self-administration certification according to IATF16949<br \/>\u201cExemplary training company\u201d award from the Dresden Chamber of Commerce and Industry (IHK)<\/p><\/div><\/div><\/div><!-- Start of Story Repeater Content --><div id=\"story-5007996\" class=\"twae-story twae-repeater-item twae-story-right twae-story-no-icon\"><!-- Story Label --><div class=\"twae-labels\"><div class=\"twae-label-big\">2017<\/div><\/div><!-- Story Icon --><div class=\"twae-icon\"><i aria-hidden=\"true\" class=\"fab fa-periscope\"><\/i><\/div><!-- Story Arrow --><div class=\"twae-arrow\"><\/div><!-- Start of Story Content --><div class=\"twae-content\"><!-- Story Description --><div class=\"twae-description\"><p>\u201cExcellent training company\u201d title awarded by the Dresden Chamber of Commerce and Industry (IHK)<br \/>Visit of the Saxon Prime Minister Stanislaw Tillich<\/p><\/div><\/div><\/div><!-- Start of Story Repeater Content --><div id=\"story-f367222\" class=\"twae-story twae-repeater-item twae-story-left twae-story-no-icon\"><!-- Story Label --><div class=\"twae-labels\"><div class=\"twae-label-big\">2016<\/div><\/div><!-- Story Icon --><div class=\"twae-icon\"><i aria-hidden=\"true\" class=\"fab fa-periscope\"><\/i><\/div><!-- Story Arrow --><div class=\"twae-arrow\"><\/div><!-- Start of Story Content --><div class=\"twae-content\"><!-- Story Description --><div class=\"twae-description\"><p>Start of the Selectrona living community in Schlottwitz for ten trainees and students.<br \/>Commissioning of a solar carport with ten charging stations for electric vehicles at the Reinholdshain site<\/p><\/div><\/div><\/div><!-- Start of Story Repeater Content --><div id=\"story-3fa442c\" class=\"twae-story twae-repeater-item twae-story-right twae-story-no-icon\"><!-- Story Label --><div class=\"twae-labels\"><div class=\"twae-label-big\">2015<\/div><\/div><!-- Story Icon --><div class=\"twae-icon\"><i aria-hidden=\"true\" class=\"fab fa-periscope\"><\/i><\/div><!-- Story Arrow --><div class=\"twae-arrow\"><\/div><!-- Start of Story Content --><div class=\"twae-content\"><!-- Story Description --><div class=\"twae-description\"><p>Certification according to DIN 50001<\/p><\/div><\/div><\/div><!-- Start of Story Repeater Content --><div id=\"story-355e20c\" class=\"twae-story twae-repeater-item twae-story-left twae-story-no-icon\"><!-- Story Label --><div class=\"twae-labels\"><div class=\"twae-label-big\">2014<\/div><\/div><!-- Story Icon --><div class=\"twae-icon\"><i aria-hidden=\"true\" class=\"fab fa-periscope\"><\/i><\/div><!-- Story Arrow --><div class=\"twae-arrow\"><\/div><!-- Start of Story Content --><div class=\"twae-content\"><!-- Story Description --><div class=\"twae-description\"><p>Change of name of Steffen S\u00f6hner GmbH to Selectrona GmbH<\/p><\/div><\/div><\/div><!-- Start of Story Repeater Content --><div id=\"story-ba04aa0\" class=\"twae-story twae-repeater-item twae-story-right twae-story-no-icon\"><!-- Story Label --><div class=\"twae-labels\"><div class=\"twae-label-big\">2013<\/div><\/div><!-- Story Icon --><div class=\"twae-icon\"><i aria-hidden=\"true\" class=\"fab fa-periscope\"><\/i><\/div><!-- Story Arrow --><div class=\"twae-arrow\"><\/div><!-- Start of Story Content --><div class=\"twae-content\"><!-- Story Description --><div class=\"twae-description\"><p>Foundation of Selectrona s.r.o. in Ko\u0161t'any, Czech Republic<\/p><\/div><\/div><\/div><!-- Start of Story Repeater Content --><div id=\"story-89173d2\" class=\"twae-story twae-repeater-item twae-story-left twae-story-no-icon\"><!-- Story Label --><div class=\"twae-labels\"><div class=\"twae-label-big\">2012<\/div><\/div><!-- Story Icon --><div class=\"twae-icon\"><i aria-hidden=\"true\" class=\"fab fa-periscope\"><\/i><\/div><!-- Story Arrow --><div class=\"twae-arrow\"><\/div><!-- Start of Story Content --><div class=\"twae-content\"><!-- Story Description --><div class=\"twae-description\"><p>\u201cGro\u00dfe SCHULEWIRTSCHAFT-Preis\u201d awarded by the Landesarbeitsgemeinschaft SCHULEWIRTSCHAFT Sachsen (Saxony State Association for School Economy)<\/p><\/div><\/div><\/div><!-- Start of Story Repeater Content --><div id=\"story-fd45d21\" class=\"twae-story twae-repeater-item twae-story-right twae-story-no-icon\"><!-- Story Label --><div class=\"twae-labels\"><div class=\"twae-label-big\">2011<\/div><\/div><!-- Story Icon --><div class=\"twae-icon\"><i aria-hidden=\"true\" class=\"fab fa-periscope\"><\/i><\/div><!-- Story Arrow --><div class=\"twae-arrow\"><\/div><!-- Start of Story Content --><div class=\"twae-content\"><!-- Story Description --><div class=\"twae-description\"><p>Overcoming the global economic crisis with record turnover<br \/>Company spun off from the S\u00f6hnergroup<\/p><\/div><\/div><\/div><!-- Start of Story Repeater Content --><div id=\"story-d457218\" class=\"twae-story twae-repeater-item twae-story-left twae-story-no-icon\"><!-- Story Label --><div class=\"twae-labels\"><div class=\"twae-label-big\">2010<\/div><\/div><!-- Story Icon --><div class=\"twae-icon\"><i aria-hidden=\"true\" class=\"fab fa-periscope\"><\/i><\/div><!-- Story Arrow --><div class=\"twae-arrow\"><\/div><!-- Start of Story Content --><div class=\"twae-content\"><!-- Story Description --><div class=\"twae-description\"><p>Expansion of the production area in Reinholdshain<\/p><\/div><\/div><\/div><!-- Start of Story Repeater Content --><div id=\"story-7f967ba\" class=\"twae-story twae-repeater-item twae-story-right twae-story-no-icon\"><!-- Story Label --><div class=\"twae-labels\"><div class=\"twae-label-big\">2005<\/div><\/div><!-- Story Icon --><div class=\"twae-icon\"><i aria-hidden=\"true\" class=\"fab fa-periscope\"><\/i><\/div><!-- Story Arrow --><div class=\"twae-arrow\"><\/div><!-- Start of Story Content --><div class=\"twae-content\"><!-- Story Description --><div class=\"twae-description\"><p>Start of production of highly complex components including electronic assembly in Reinholdshain<\/p><\/div><\/div><\/div><!-- Start of Story Repeater Content --><div id=\"story-957a2fd\" class=\"twae-story twae-repeater-item twae-story-left twae-story-no-icon\"><!-- Story Label --><div class=\"twae-labels\"><div class=\"twae-label-big\">2004<\/div><\/div><!-- Story Icon --><div class=\"twae-icon\"><i aria-hidden=\"true\" class=\"fab fa-periscope\"><\/i><\/div><!-- Story Arrow --><div class=\"twae-arrow\"><\/div><!-- Start of Story Content --><div class=\"twae-content\"><!-- Story Description --><div class=\"twae-description\"><p>Construction of the new production hall with ESD area in Reinholdshain<\/p><\/div><\/div><\/div><!-- Start of Story Repeater Content --><div id=\"story-40edfae\" class=\"twae-story twae-repeater-item twae-story-right twae-story-no-icon\"><!-- Story Label --><div class=\"twae-labels\"><div class=\"twae-label-big\">2003<\/div><\/div><!-- Story Icon --><div class=\"twae-icon\"><i aria-hidden=\"true\" class=\"fab fa-periscope\"><\/i><\/div><!-- Story Arrow --><div class=\"twae-arrow\"><\/div><!-- Start of Story Content --><div class=\"twae-content\"><!-- Story Description --><div class=\"twae-description\"><p>Certification according to ISO\/TS 16949<br \/>Visit by the Prime Minister of Saxony, Professor Georg Milbradt<\/p><\/div><\/div><\/div><!-- Start of Story Repeater Content --><div id=\"story-a7e4283\" class=\"twae-story twae-repeater-item twae-story-left twae-story-no-icon\"><!-- Story Label --><div class=\"twae-labels\"><div class=\"twae-label-big\">2002<\/div><\/div><!-- Story Icon --><div class=\"twae-icon\"><i aria-hidden=\"true\" class=\"fab fa-periscope\"><\/i><\/div><!-- Story Arrow --><div class=\"twae-arrow\"><\/div><!-- Start of Story Content --><div class=\"twae-content\"><!-- Story Description --><div class=\"twae-description\"><p>Flood disaster destroys the Glash\u00fctte plant as well as large parts of the Schlottwitz site<br \/>Reconstruction of the company in Schlottwitz Reconstruction of the toolmaking &amp; stamping technology divisions in Reinholdshain<\/p><\/div><\/div><\/div><!-- Start of Story Repeater Content --><div id=\"story-a960d57\" class=\"twae-story twae-repeater-item twae-story-right twae-story-no-icon\"><!-- Story Label --><div class=\"twae-labels\"><div class=\"twae-label-big\">2001<\/div><\/div><!-- Story Icon --><div class=\"twae-icon\"><i aria-hidden=\"true\" class=\"fab fa-periscope\"><\/i><\/div><!-- Story Arrow --><div class=\"twae-arrow\"><\/div><!-- Start of Story Content --><div class=\"twae-content\"><!-- Story Description --><div class=\"twae-description\"><p>Inauguration of a plant in Glash\u00fctte<\/p><\/div><\/div><\/div><!-- Start of Story Repeater Content --><div id=\"story-fd649cd\" class=\"twae-story twae-repeater-item twae-story-left twae-story-no-icon\"><!-- Story Label --><div class=\"twae-labels\"><div class=\"twae-label-big\">2000<\/div><\/div><!-- Story Icon --><div class=\"twae-icon\"><i aria-hidden=\"true\" class=\"fab fa-periscope\"><\/i><\/div><!-- Story Arrow --><div class=\"twae-arrow\"><\/div><!-- Start of Story Content --><div class=\"twae-content\"><!-- Story Description --><div class=\"twae-description\"><p>Development of the stamping technology<br \/>Certification according to DIN EN ISO 14001<br \/>Visit by the German President, Johannes Rau<\/p><\/div><\/div><\/div><!-- Start of Story Repeater Content --><div id=\"story-a4dc4bf\" class=\"twae-story twae-repeater-item twae-story-right twae-story-no-icon\"><!-- Story Label --><div class=\"twae-labels\"><div class=\"twae-label-big\">1998<\/div><\/div><!-- Story Icon --><div class=\"twae-icon\"><i aria-hidden=\"true\" class=\"fab fa-periscope\"><\/i><\/div><!-- Story Arrow --><div class=\"twae-arrow\"><\/div><!-- Start of Story Content --><div class=\"twae-content\"><!-- Story Description --><div class=\"twae-description\"><p>Visit by the German President, Johannes Rau<\/p><\/div><\/div><\/div><!-- Start of Story Repeater Content --><div id=\"story-2f97688\" class=\"twae-story twae-repeater-item twae-story-left twae-story-no-icon\"><!-- Story Label --><div class=\"twae-labels\"><div class=\"twae-label-big\">1994<\/div><\/div><!-- Story Icon --><div class=\"twae-icon\"><i aria-hidden=\"true\" class=\"fab fa-periscope\"><\/i><\/div><!-- Story Arrow --><div class=\"twae-arrow\"><\/div><!-- Start of Story Content --><div class=\"twae-content\"><!-- Story Description --><div class=\"twae-description\"><p>Certification according to DIN EN ISO 9001<\/p><\/div><\/div><\/div><!-- Start of Story Repeater Content --><div id=\"story-b24dade\" class=\"twae-story twae-repeater-item twae-story-right twae-story-no-icon\"><!-- Story Label --><div class=\"twae-labels\"><div class=\"twae-label-big\">1993<\/div><\/div><!-- Story Icon --><div class=\"twae-icon\"><i aria-hidden=\"true\" class=\"fab fa-periscope\"><\/i><\/div><!-- Story Arrow --><div class=\"twae-arrow\"><\/div><!-- Start of Story Content --><div class=\"twae-content\"><!-- Story Description --><div class=\"twae-description\"><p>Start of apprenticeship training<\/p><\/div><\/div><\/div><!-- Start of Story Repeater Content --><div id=\"story-0172757\" class=\"twae-story twae-repeater-item twae-story-left twae-story-no-icon\"><!-- Story Label --><div class=\"twae-labels\"><div class=\"twae-label-big\">1992<\/div><\/div><!-- Story Icon --><div class=\"twae-icon\"><i aria-hidden=\"true\" class=\"fab fa-periscope\"><\/i><\/div><!-- Story Arrow --><div class=\"twae-arrow\"><\/div><!-- Start of Story Content --><div class=\"twae-content\"><!-- Story Description --><div class=\"twae-description\"><p>Foundation of Steffen S\u00f6hner GmbH as a subsidiary of the S\u00f6hnergroup in Glash\u00fctte-Schlottwitz with toolmaking &amp; injection moulding production<\/p><\/div><\/div><\/div><\/div>\n    <div class=\"twae-end\"><\/div>\n    <\/div><style type=\"text\/css\">@media (max-width: 1024px){ .twae-wrapper{--tw-ybx-size: 80px !important;}}@media (max-width: 767px){ .twae-wrapper{--tw-ybx-size: 80px !important}}<\/style>\t\t\t\t<\/div>\n\t\t\t\t<\/div>\n\t\t\t\t\t<\/div>\n\t\t<\/div>\n\t\t\t\t\t<\/div>\n\t\t<\/section>\n\t\t\t\t<\/div>","protected":false},"excerpt":{"rendered":"<p>2025 Das operative Gesch\u00e4ft der Selectrona GmbH und der Selectrona s.r.o. \u00fcbernimmt die MATEtronix GmbH &amp; Co. KG und MATEtronix s.r.o. 2024 Gro\u00dfinvestition in eine neue Presse der Firma Kaiser 2023 Lieferung der Gro\u00dfinvestition von vier neuen Spritzgie\u00dfmaschinen (Typ 520, 570, 630 und 720) der Firma Arburg 2022 Gro\u00dfinvestition in ein neues Fr\u00e4szentrum und Photovoltaik [&hellip;]<\/p>","protected":false},"author":14,"featured_media":0,"parent":0,"menu_order":0,"comment_status":"closed","ping_status":"closed","template":"","meta":{"footnotes":""},"class_list":["post-11311","page","type-page","status-publish","hentry"],"acf":[],"yoast_head":"<!-- This site is optimized with the Yoast SEO plugin v24.9 - https:\/\/yoast.com\/wordpress\/plugins\/seo\/ -->\n<title>Meilensteine der Unternehmensgeschichte - MATEtronix<\/title>\n<meta name=\"robots\" content=\"index, follow, max-snippet:-1, max-image-preview:large, max-video-preview:-1\" \/>\n<link rel=\"canonical\" href=\"https:\/\/mate-tronix.com\/en\/geschichte\/\" \/>\n<meta property=\"og:locale\" content=\"en_US\" \/>\n<meta property=\"og:type\" content=\"article\" \/>\n<meta property=\"og:title\" content=\"Meilensteine der Unternehmensgeschichte - MATEtronix\" \/>\n<meta property=\"og:description\" content=\"2025 Das operative Gesch\u00e4ft der Selectrona GmbH und der Selectrona s.r.o. \u00fcbernimmt die MATEtronix GmbH &amp; Co. KG und MATEtronix s.r.o. 2024 Gro\u00dfinvestition in eine neue Presse der Firma Kaiser 2023 Lieferung der Gro\u00dfinvestition von vier neuen Spritzgie\u00dfmaschinen (Typ 520, 570, 630 und 720) der Firma Arburg 2022 Gro\u00dfinvestition in ein neues Fr\u00e4szentrum und Photovoltaik [&hellip;]\" \/>\n<meta property=\"og:url\" content=\"https:\/\/mate-tronix.com\/en\/geschichte\/\" \/>\n<meta property=\"og:site_name\" content=\"MATEtronix\" \/>\n<meta property=\"article:modified_time\" content=\"2024-12-30T09:58:13+00:00\" \/>\n<meta name=\"twitter:card\" content=\"summary_large_image\" \/>\n<meta name=\"twitter:label1\" content=\"Est. reading time\" \/>\n\t<meta name=\"twitter:data1\" content=\"2 minutes\" \/>\n<!-- \/ Yoast SEO plugin. -->","yoast_head_json":{"title":"Meilensteine der Unternehmensgeschichte - MATEtronix","robots":{"index":"index","follow":"follow","max-snippet":"max-snippet:-1","max-image-preview":"max-image-preview:large","max-video-preview":"max-video-preview:-1"},"canonical":"https:\/\/mate-tronix.com\/en\/geschichte\/","og_locale":"en_US","og_type":"article","og_title":"Meilensteine der Unternehmensgeschichte - MATEtronix","og_description":"2025 Das operative Gesch\u00e4ft der Selectrona GmbH und der Selectrona s.r.o. \u00fcbernimmt die MATEtronix GmbH &amp; Co. KG und MATEtronix s.r.o. 2024 Gro\u00dfinvestition in eine neue Presse der Firma Kaiser 2023 Lieferung der Gro\u00dfinvestition von vier neuen Spritzgie\u00dfmaschinen (Typ 520, 570, 630 und 720) der Firma Arburg 2022 Gro\u00dfinvestition in ein neues Fr\u00e4szentrum und Photovoltaik [&hellip;]","og_url":"https:\/\/mate-tronix.com\/en\/geschichte\/","og_site_name":"MATEtronix","article_modified_time":"2024-12-30T09:58:13+00:00","twitter_card":"summary_large_image","twitter_misc":{"Est. reading time":"2 minutes"},"schema":{"@context":"https:\/\/schema.org","@graph":[{"@type":"WebPage","@id":"https:\/\/mate-tronix.com\/geschichte\/","url":"https:\/\/mate-tronix.com\/geschichte\/","name":"Meilensteine der Unternehmensgeschichte - MATEtronix","isPartOf":{"@id":"https:\/\/mate-tronix.com\/#website"},"datePublished":"2021-12-17T12:09:59+00:00","dateModified":"2024-12-30T09:58:13+00:00","breadcrumb":{"@id":"https:\/\/mate-tronix.com\/geschichte\/#breadcrumb"},"inLanguage":"en-US","potentialAction":[{"@type":"ReadAction","target":["https:\/\/mate-tronix.com\/geschichte\/"]}]},{"@type":"BreadcrumbList","@id":"https:\/\/mate-tronix.com\/geschichte\/#breadcrumb","itemListElement":[{"@type":"ListItem","position":1,"name":"Startseite","item":"https:\/\/mate-tronix.com\/"},{"@type":"ListItem","position":2,"name":"Meilensteine der Unternehmensgeschichte"}]},{"@type":"WebSite","@id":"https:\/\/mate-tronix.com\/#website","url":"https:\/\/mate-tronix.com\/","name":"Selectrona","description":"","publisher":{"@id":"https:\/\/mate-tronix.com\/#organization"},"potentialAction":[{"@type":"SearchAction","target":{"@type":"EntryPoint","urlTemplate":"https:\/\/mate-tronix.com\/?s={search_term_string}"},"query-input":{"@type":"PropertyValueSpecification","valueRequired":true,"valueName":"search_term_string"}}],"inLanguage":"en-US"},{"@type":"Organization","@id":"https:\/\/mate-tronix.com\/#organization","name":"Selectrona","url":"https:\/\/mate-tronix.com\/","logo":{"@type":"ImageObject","inLanguage":"en-US","@id":"https:\/\/mate-tronix.com\/#\/schema\/logo\/image\/","url":"https:\/\/mate-tronix.com\/wp-content\/uploads\/2024\/12\/logo-matetronix-2915.png","contentUrl":"https:\/\/mate-tronix.com\/wp-content\/uploads\/2024\/12\/logo-matetronix-2915.png","width":2915,"height":761,"caption":"Selectrona"},"image":{"@id":"https:\/\/mate-tronix.com\/#\/schema\/logo\/image\/"}}]}},"_links":{"self":[{"href":"https:\/\/mate-tronix.com\/en\/wp-json\/wp\/v2\/pages\/11311","targetHints":{"allow":["GET"]}}],"collection":[{"href":"https:\/\/mate-tronix.com\/en\/wp-json\/wp\/v2\/pages"}],"about":[{"href":"https:\/\/mate-tronix.com\/en\/wp-json\/wp\/v2\/types\/page"}],"author":[{"embeddable":true,"href":"https:\/\/mate-tronix.com\/en\/wp-json\/wp\/v2\/users\/14"}],"replies":[{"embeddable":true,"href":"https:\/\/mate-tronix.com\/en\/wp-json\/wp\/v2\/comments?post=11311"}],"version-history":[{"count":10,"href":"https:\/\/mate-tronix.com\/en\/wp-json\/wp\/v2\/pages\/11311\/revisions"}],"predecessor-version":[{"id":16052,"href":"https:\/\/mate-tronix.com\/en\/wp-json\/wp\/v2\/pages\/11311\/revisions\/16052"}],"wp:attachment":[{"href":"https:\/\/mate-tronix.com\/en\/wp-json\/wp\/v2\/media?parent=11311"}],"curies":[{"name":"wp","href":"https:\/\/api.w.org\/{rel}","templated":true}]}}