{"id":11587,"date":"2022-01-26T10:58:01","date_gmt":"2022-01-26T09:58:01","guid":{"rendered":"https:\/\/www.selectrona.elbflorenz-marketing.de\/?page_id=11587"},"modified":"2026-03-01T20:43:55","modified_gmt":"2026-03-01T19:43:55","slug":"impressum","status":"publish","type":"page","link":"https:\/\/mate-tronix.com\/en\/impressum\/","title":{"rendered":"Legal Notice"},"content":{"rendered":"<div data-elementor-type=\"wp-page\" data-elementor-id=\"11587\" class=\"elementor elementor-11587\" data-elementor-post-type=\"page\">\n\t\t\t\t\t\t<section class=\"elementor-section elementor-top-section elementor-element elementor-element-aad34b4 elementor-section-boxed elementor-section-height-default elementor-section-height-default\" data-id=\"aad34b4\" data-element_type=\"section\" data-e-type=\"section\">\n\t\t\t\t\t\t<div class=\"elementor-container elementor-column-gap-default\">\n\t\t\t\t\t<div class=\"elementor-column elementor-col-100 elementor-top-column elementor-element elementor-element-9b27a20 top column-style-top\" data-id=\"9b27a20\" data-element_type=\"column\" data-e-type=\"column\">\n\t\t\t<div class=\"elementor-widget-wrap elementor-element-populated\">\n\t\t\t\t\t\t<div class=\"elementor-element elementor-element-d3f48dc elementor-widget elementor-widget-text-editor\" data-id=\"d3f48dc\" data-element_type=\"widget\" data-e-type=\"widget\" data-widget_type=\"text-editor.default\">\n\t\t\t\t<div class=\"elementor-widget-container\">\n\t\t\t\t\t\t\t\t\t<p>MATEtronix GmbH &amp; Co. KG<br \/>Industriering 19+21<br \/>D-01744 Dippoldiswalde-Reinholdshain<br \/>Tel. +49 3504 6944-0<\/p><p>UST-ID-Nr. DE 450 445 121<br \/>Amtsgericht Dresden, Reg.-Nr. HRA 12123<\/p><p>Managing Director:<br \/>Robert Koziel<\/p>\t\t\t\t\t\t\t\t<\/div>\n\t\t\t\t<\/div>\n\t\t\t\t\t<\/div>\n\t\t<\/div>\n\t\t\t\t\t<\/div>\n\t\t<\/section>\n\t\t\t\t<section class=\"elementor-section elementor-top-section elementor-element elementor-element-0a0de22 elementor-section-boxed elementor-section-height-default elementor-section-height-default\" data-id=\"0a0de22\" data-element_type=\"section\" data-e-type=\"section\">\n\t\t\t\t\t\t<div class=\"elementor-container elementor-column-gap-default\">\n\t\t\t\t\t<div class=\"elementor-column elementor-col-100 elementor-top-column elementor-element elementor-element-beed6bf top column-style-top\" data-id=\"beed6bf\" data-element_type=\"column\" data-e-type=\"column\">\n\t\t\t<div class=\"elementor-widget-wrap elementor-element-populated\">\n\t\t\t\t\t\t<div class=\"elementor-element elementor-element-6b06dbb elementor-widget elementor-widget-text-editor\" data-id=\"6b06dbb\" data-element_type=\"widget\" data-e-type=\"widget\" data-widget_type=\"text-editor.default\">\n\t\t\t\t<div class=\"elementor-widget-container\">\n\t\t\t\t\t\t\t\t\t<p>\t\t\t\t\t\t<style>\r\n\t\t\t\t<style>\r\n#wpsm_accordion_11590 .wpsm_panel-heading{\r\n\tpadding:0px !important;\r\n}\r\n#wpsm_accordion_11590 .wpsm_panel-title {\r\n\tmargin:0px !important; \r\n\ttext-transform:none !important;\r\n\tline-height: 1 !important;\r\n}\r\n#wpsm_accordion_11590 .wpsm_panel-title a{\r\n\ttext-decoration:none;\r\n\toverflow:hidden;\r\n\tdisplay:block;\r\n\tpadding:0px;\r\n\tfont-size: px !important;\r\n\tfont-family:  !important;\r\n\tcolor: !important;\r\n\tborder-bottom:0px !important;\r\n}\r\n\r\n#wpsm_accordion_11590 .wpsm_panel-title a:focus {\r\noutline: 0px !important;\r\n}\r\n\r\n#wpsm_accordion_11590 .wpsm_panel-title a:hover, #wpsm_accordion_11590 .wpsm_panel-title a:focus {\r\n\tcolor: !important;\r\n}\r\n#wpsm_accordion_11590 .acc-a{\r\n\tcolor:  !important;\r\n\tbackground-color: !important;\r\n\tborder-color: #ddd;\r\n}\r\n#wpsm_accordion_11590 .wpsm_panel-default > .wpsm_panel-heading{\r\n\tcolor:  !important;\r\n\tbackground-color:  !important;\r\n\tborder-color:  !important;\r\n\tborder-top-left-radius: 0px;\r\n\tborder-top-right-radius: 0px;\r\n}\r\n#wpsm_accordion_11590 .wpsm_panel-default {\r\n\t\tborder:0px solid transparent !important;\r\n\t}\r\n#wpsm_accordion_11590 {\r\n\tmargin-bottom: 20px;\r\n\toverflow: hidden;\r\n\tfloat: none;\r\n\twidth: 100%;\r\n\tdisplay: block;\r\n}\r\n#wpsm_accordion_11590 .ac_title_class{\r\n\tdisplay: block;\r\n\tpadding-top: 12px;\r\n\tpadding-bottom: 12px;\r\n\tpadding-left: 15px;\r\n\tpadding-right: 15px;\r\n}\r\n#wpsm_accordion_11590  .wpsm_panel {\r\n\toverflow:hidden;\r\n\t-webkit-box-shadow: 0 0px 0px rgba(0, 0, 0, .05);\r\n\tbox-shadow: 0 0px 0px rgba(0, 0, 0, .05);\r\n\t\t\tborder-radius: 0px;\r\n\t}\r\n#wpsm_accordion_11590  .wpsm_panel + .wpsm_panel {\r\n\t\tmargin-top: 0px;\r\n\t}\r\n#wpsm_accordion_11590  .wpsm_panel-body{\r\n\tbackground-color: !important;\r\n\tcolor: !important;\r\n\tborder-top-color:  !important;\r\n\tfont-size:px !important;\r\n\tfont-family:  !important;\r\n\toverflow: hidden;\r\n\t\tborder: 2px solid transparent !important;\r\n\t}\r\n\r\n#wpsm_accordion_11590 .ac_open_cl_icon{\r\n\tbackground-color: !important;\r\n\tcolor:  !important;\r\n\tfloat: !important;\r\n\tpadding-top: 12px !important;\r\n\tpadding-bottom: 12px !important;\r\n\tline-height: 1.0 !important;\r\n\tpadding-left: 15px !important;\r\n\tpadding-right: 15px !important;\r\n\tdisplay: inline-block !important;\r\n}\r\n\r\n<\/style>\t\r\n\t\t\t<\/style>\r\n\t\t\t<div class=\"wpsm_panel-group\" id=\"wpsm_accordion_11590\" >\r\n\t\t\t\t\t\t\t\t\r\n\t\t\t\t\t<!-- Inner panel Start -->\r\n\t\t\t\t\t<div class=\"wpsm_panel wpsm_panel-default\">\r\n\t\t\t\t\t\t<div class=\"wpsm_panel-heading\" role=\"tab\" >\r\n\t\t\t\t\t\t  <h4 class=\"wpsm_panel-title\">\r\n\t\t\t\t\t\t\t<a  class=\"\"  data-toggle=\"collapse\" data-parent=\"\" href=\"javascript:void(0)\" data-target=\"#ac_11590_collapse1\" onclick=\"do_resize()\">\r\n\t\t\t\t\t\t\t\t \r\n\t\t\t\t\t\t\t\t<span class=\"ac_title_class\">\r\n\t\t\t\t\t\t\t\t\tPhoto credits\t\t\t\t\t\t\t\t<\/span>\r\n\t\t\t\t\t\t\t<\/a>\r\n\t\t\t\t\t\t  <\/h4>\r\n\t\t\t\t\t\t<\/div>\r\n\t\t\t\t\t\t<div id=\"ac_11590_collapse1\" class=\"wpsm_panel-collapse collapse\"  >\r\n\t\t\t\t\t\t  <div class=\"wpsm_panel-body\">\r\n\t\t\t\t\t\t\tNorbert Helbig<br>\r\nEgbert Kamprath<br>\r\nKatrin Schubert<br>\r\niStockphoto(\u00a9)MiguelMalo<br>\r\nFotolia(\u00a9)Ehrenberg Bilder<br>\r\nRobert M\u00fchle<br>\r\nRobin Kirsten, visuwrk<br>\r\nMarcus R\u00e4del<br>\r\nRobby Dienel<br>\r\nFrank Lochau, ProCopter GmbH<br>\r\nJo Zeidler<br>\r\nSten G\u00f6ssel, COLORANDSHADE<br>\r\nKunststoff-Zentrum-Leipzig gGmbH<br>\r\nClara Sophie Bellstedt, Content Creation\r\n\t\t\t\t\t\t  <\/div>\r\n\t\t\t\t\t\t<\/div>\r\n\t\t\t\t\t<\/div>\r\n\t\t\t\t\t<!-- Inner panel End -->\r\n\t\t\t\t\t\r\n\t\t\t\t\t\t\t\t\r\n\t\t\t\t\t<!-- Inner panel Start -->\r\n\t\t\t\t\t<div class=\"wpsm_panel wpsm_panel-default\">\r\n\t\t\t\t\t\t<div class=\"wpsm_panel-heading\" role=\"tab\" >\r\n\t\t\t\t\t\t  <h4 class=\"wpsm_panel-title\">\r\n\t\t\t\t\t\t\t<a  class=\"collapsed\"  data-toggle=\"collapse\" data-parent=\"\" href=\"javascript:void(0)\" data-target=\"#ac_11590_collapse2\" onclick=\"do_resize()\">\r\n\t\t\t\t\t\t\t\t \r\n\t\t\t\t\t\t\t\t<span class=\"ac_title_class\">\r\n\t\t\t\t\t\t\t\t\tCopyrights\t\t\t\t\t\t\t\t<\/span>\r\n\t\t\t\t\t\t\t<\/a>\r\n\t\t\t\t\t\t  <\/h4>\r\n\t\t\t\t\t\t<\/div>\r\n\t\t\t\t\t\t<div id=\"ac_11590_collapse2\" class=\"wpsm_panel-collapse collapse\"  >\r\n\t\t\t\t\t\t  <div class=\"wpsm_panel-body\">\r\n\t\t\t\t\t\t\tAll rights reserved. \n\nThe reprinting and reproduction of the editorial texts, including storage and use on optical and electronic data carriers, may only take place with the consent of the operator.\n\nThe whole or partial exploitation of content by unauthorised third parties is forbidden.\t\t\t\t\t\t  <\/div>\r\n\t\t\t\t\t\t<\/div>\r\n\t\t\t\t\t<\/div>\r\n\t\t\t\t\t<!-- Inner panel End -->\r\n\t\t\t\t\t\r\n\t\t\t\t\t\t\t\t\r\n\t\t\t\t\t<!-- Inner panel Start -->\r\n\t\t\t\t\t<div class=\"wpsm_panel wpsm_panel-default\">\r\n\t\t\t\t\t\t<div class=\"wpsm_panel-heading\" role=\"tab\" >\r\n\t\t\t\t\t\t  <h4 class=\"wpsm_panel-title\">\r\n\t\t\t\t\t\t\t<a  class=\"collapsed\"  data-toggle=\"collapse\" data-parent=\"\" href=\"javascript:void(0)\" data-target=\"#ac_11590_collapse3\" onclick=\"do_resize()\">\r\n\t\t\t\t\t\t\t\t \r\n\t\t\t\t\t\t\t\t<span class=\"ac_title_class\">\r\n\t\t\t\t\t\t\t\t\tLiability note\t\t\t\t\t\t\t\t<\/span>\r\n\t\t\t\t\t\t\t<\/a>\r\n\t\t\t\t\t\t  <\/h4>\r\n\t\t\t\t\t\t<\/div>\r\n\t\t\t\t\t\t<div id=\"ac_11590_collapse3\" class=\"wpsm_panel-collapse collapse\"  >\r\n\t\t\t\t\t\t  <div class=\"wpsm_panel-body\">\r\n\t\t\t\t\t\t\tTrotz sorgf\u00e4ltiger inhaltlicher Kontrolle \u00fcbernehmen wir keine Haftung f\u00fcr die Inhalte externer Links. F\u00fcr den Inhalt der verlinkten Seiten sind ausschlie\u00dflich deren Betreiber verantwortlich.\r\n\r\nDie Informationen und sonstigen Angaben auf dieser Website sind unverbindlich und unterliegen dem Vorbehalt der jederzeitigen \u00c4nderung. Obwohl die Website mit gr\u00f6\u00dfter Sorgfalt erstellt worden ist, kann die MATEtronix GmbH &amp; Co. KG keinerlei Garantie f\u00fcr die Fehlerfreiheit der auf den Seiten angebotenen Informationen \u00fcbernehmen.\t\t\t\t\t\t  <\/div>\r\n\t\t\t\t\t\t<\/div>\r\n\t\t\t\t\t<\/div>\r\n\t\t\t\t\t<!-- Inner panel End -->\r\n\t\t\t\t\t\r\n\t\t\t\t\t\t\t\t\r\n\t\t\t\t\t<!-- Inner panel Start -->\r\n\t\t\t\t\t<div class=\"wpsm_panel wpsm_panel-default\">\r\n\t\t\t\t\t\t<div class=\"wpsm_panel-heading\" role=\"tab\" >\r\n\t\t\t\t\t\t  <h4 class=\"wpsm_panel-title\">\r\n\t\t\t\t\t\t\t<a  class=\"collapsed\"  data-toggle=\"collapse\" data-parent=\"\" href=\"javascript:void(0)\" data-target=\"#ac_11590_collapse4\" onclick=\"do_resize()\">\r\n\t\t\t\t\t\t\t\t \r\n\t\t\t\t\t\t\t\t<span class=\"ac_title_class\">\r\n\t\t\t\t\t\t\t\t\tMeldestelle Hinweisgeberschutz\t\t\t\t\t\t\t\t<\/span>\r\n\t\t\t\t\t\t\t<\/a>\r\n\t\t\t\t\t\t  <\/h4>\r\n\t\t\t\t\t\t<\/div>\r\n\t\t\t\t\t\t<div id=\"ac_11590_collapse4\" class=\"wpsm_panel-collapse collapse\"  >\r\n\t\t\t\t\t\t  <div class=\"wpsm_panel-body\">\r\n\t\t\t\t\t\t\tWir haben gem\u00e4\u00df Hinweisgeberschutzgesetz (HinSchG) eine externe Meldestelle f\u00fcr Meldungen von Verst\u00f6\u00dfen gegen geltendes Recht (Geldw\u00e4sche, Gef\u00e4hrdung von Produkt- und Verkehrssicherheit, \u00f6ffentlicher Gesundheit, Umwelt- sowie Verbraucher- und Datenschutz) sowie andere Straftaten, Ordnungswidrigkeiten und Vergehen eingerichtet. Sie k\u00f6nnen sich jederzeit anonym oder unter Angabe Ihrer Identit\u00e4t an: \r\n\r\nNicole Badelt, Badelt Consulting, Ernst-Th\u00e4lmann-Stra\u00dfe 21 in 01809 Heidenau, E-Mail an service@badelt-consulting.de, Telefon: 03529\/5357274 wenden.\r\n\r\n Die Bearbeitung Ihres Hinweises erfolgt gem\u00e4\u00df der gesetzlichen Vorschrift streng vertraulich.\r\n\t\t\t\t\t\t  <\/div>\r\n\t\t\t\t\t\t<\/div>\r\n\t\t\t\t\t<\/div>\r\n\t\t\t\t\t<!-- Inner panel End -->\r\n\t\t\t\t\t\r\n\t\t\t\t\t\t\t<\/div>\r\n\t\t\t\r\n<script type=\"text\/javascript\">\r\n\t\r\n\t\tfunction do_resize(){\r\n\r\n\t\t\tvar width=jQuery( '.wpsm_panel .wpsm_panel-body iframe' ).width();\r\n\t\t\tvar height=jQuery( '.wpsm_panel .wpsm_panel-body iframe' ).height();\r\n\r\n\t\t\tvar toggleSize = true;\r\n\t\t\tjQuery('iframe').animate({\r\n\t\t\t    width: toggleSize ? width : 640,\r\n\t\t\t    height: toggleSize ? height : 360\r\n\t\t\t  }, 250);\r\n\r\n\t\t\t  toggleSize = !toggleSize;\r\n\t\t}\r\n\t\t\r\n<\/script>\t<\/p>\t\t\t\t\t\t\t\t<\/div>\n\t\t\t\t<\/div>\n\t\t\t\t\t<\/div>\n\t\t<\/div>\n\t\t\t\t\t<\/div>\n\t\t<\/section>\n\t\t\t\t<\/div>","protected":false},"excerpt":{"rendered":"<p>MATEtronix GmbH &amp; Co. KGIndustriering 19+21D-01744 Dippoldiswalde-ReinholdshainTel. +49 3504 6944-0 UST-ID-Nr. DE 450 445 121Amtsgericht Dresden, Reg.-Nr. HRA 12123 Gesch\u00e4ftsf\u00fchrer:Robert Koziel<\/p>","protected":false},"author":14,"featured_media":0,"parent":0,"menu_order":0,"comment_status":"closed","ping_status":"closed","template":"","meta":{"footnotes":""},"class_list":["post-11587","page","type-page","status-publish","hentry"],"acf":[],"yoast_head":"<!-- This site is optimized with the Yoast SEO plugin v24.9 - https:\/\/yoast.com\/wordpress\/plugins\/seo\/ -->\n<title>Impressum - MATEtronix<\/title>\n<meta name=\"robots\" content=\"index, follow, max-snippet:-1, max-image-preview:large, max-video-preview:-1\" \/>\n<link rel=\"canonical\" href=\"https:\/\/mate-tronix.com\/en\/impressum\/\" \/>\n<meta property=\"og:locale\" content=\"en_US\" \/>\n<meta property=\"og:type\" content=\"article\" \/>\n<meta property=\"og:title\" content=\"Impressum - MATEtronix\" \/>\n<meta property=\"og:description\" content=\"MATEtronix GmbH &amp; Co. KGIndustriering 19+21D-01744 Dippoldiswalde-ReinholdshainTel. +49 3504 6944-0 UST-ID-Nr. DE 450 445 121Amtsgericht Dresden, Reg.-Nr. HRA 12123 Gesch\u00e4ftsf\u00fchrer:Robert Koziel\" \/>\n<meta property=\"og:url\" content=\"https:\/\/mate-tronix.com\/en\/impressum\/\" \/>\n<meta property=\"og:site_name\" content=\"MATEtronix\" \/>\n<meta property=\"article:modified_time\" content=\"2026-03-01T19:43:55+00:00\" \/>\n<meta name=\"twitter:card\" content=\"summary_large_image\" \/>\n<meta name=\"twitter:label1\" content=\"Est. reading time\" \/>\n\t<meta name=\"twitter:data1\" content=\"2 minutes\" \/>\n<!-- \/ Yoast SEO plugin. -->","yoast_head_json":{"title":"Impressum - MATEtronix","robots":{"index":"index","follow":"follow","max-snippet":"max-snippet:-1","max-image-preview":"max-image-preview:large","max-video-preview":"max-video-preview:-1"},"canonical":"https:\/\/mate-tronix.com\/en\/impressum\/","og_locale":"en_US","og_type":"article","og_title":"Impressum - MATEtronix","og_description":"MATEtronix GmbH &amp; Co. KGIndustriering 19+21D-01744 Dippoldiswalde-ReinholdshainTel. +49 3504 6944-0 UST-ID-Nr. DE 450 445 121Amtsgericht Dresden, Reg.-Nr. HRA 12123 Gesch\u00e4ftsf\u00fchrer:Robert Koziel","og_url":"https:\/\/mate-tronix.com\/en\/impressum\/","og_site_name":"MATEtronix","article_modified_time":"2026-03-01T19:43:55+00:00","twitter_card":"summary_large_image","twitter_misc":{"Est. reading time":"2 minutes"},"schema":{"@context":"https:\/\/schema.org","@graph":[{"@type":"WebPage","@id":"https:\/\/mate-tronix.com\/impressum\/","url":"https:\/\/mate-tronix.com\/impressum\/","name":"Impressum - MATEtronix","isPartOf":{"@id":"https:\/\/mate-tronix.com\/#website"},"datePublished":"2022-01-26T09:58:01+00:00","dateModified":"2026-03-01T19:43:55+00:00","breadcrumb":{"@id":"https:\/\/mate-tronix.com\/impressum\/#breadcrumb"},"inLanguage":"en-US","potentialAction":[{"@type":"ReadAction","target":["https:\/\/mate-tronix.com\/impressum\/"]}]},{"@type":"BreadcrumbList","@id":"https:\/\/mate-tronix.com\/impressum\/#breadcrumb","itemListElement":[{"@type":"ListItem","position":1,"name":"Startseite","item":"https:\/\/mate-tronix.com\/"},{"@type":"ListItem","position":2,"name":"Impressum"}]},{"@type":"WebSite","@id":"https:\/\/mate-tronix.com\/#website","url":"https:\/\/mate-tronix.com\/","name":"Selectrona","description":"","publisher":{"@id":"https:\/\/mate-tronix.com\/#organization"},"potentialAction":[{"@type":"SearchAction","target":{"@type":"EntryPoint","urlTemplate":"https:\/\/mate-tronix.com\/?s={search_term_string}"},"query-input":{"@type":"PropertyValueSpecification","valueRequired":true,"valueName":"search_term_string"}}],"inLanguage":"en-US"},{"@type":"Organization","@id":"https:\/\/mate-tronix.com\/#organization","name":"Selectrona","url":"https:\/\/mate-tronix.com\/","logo":{"@type":"ImageObject","inLanguage":"en-US","@id":"https:\/\/mate-tronix.com\/#\/schema\/logo\/image\/","url":"https:\/\/mate-tronix.com\/wp-content\/uploads\/2024\/12\/logo-matetronix-2915.png","contentUrl":"https:\/\/mate-tronix.com\/wp-content\/uploads\/2024\/12\/logo-matetronix-2915.png","width":2915,"height":761,"caption":"Selectrona"},"image":{"@id":"https:\/\/mate-tronix.com\/#\/schema\/logo\/image\/"}}]}},"_links":{"self":[{"href":"https:\/\/mate-tronix.com\/en\/wp-json\/wp\/v2\/pages\/11587","targetHints":{"allow":["GET"]}}],"collection":[{"href":"https:\/\/mate-tronix.com\/en\/wp-json\/wp\/v2\/pages"}],"about":[{"href":"https:\/\/mate-tronix.com\/en\/wp-json\/wp\/v2\/types\/page"}],"author":[{"embeddable":true,"href":"https:\/\/mate-tronix.com\/en\/wp-json\/wp\/v2\/users\/14"}],"replies":[{"embeddable":true,"href":"https:\/\/mate-tronix.com\/en\/wp-json\/wp\/v2\/comments?post=11587"}],"version-history":[{"count":10,"href":"https:\/\/mate-tronix.com\/en\/wp-json\/wp\/v2\/pages\/11587\/revisions"}],"predecessor-version":[{"id":16278,"href":"https:\/\/mate-tronix.com\/en\/wp-json\/wp\/v2\/pages\/11587\/revisions\/16278"}],"wp:attachment":[{"href":"https:\/\/mate-tronix.com\/en\/wp-json\/wp\/v2\/media?parent=11587"}],"curies":[{"name":"wp","href":"https:\/\/api.w.org\/{rel}","templated":true}]}}