{"id":11896,"date":"2022-02-14T07:57:37","date_gmt":"2022-02-14T06:57:37","guid":{"rendered":"https:\/\/www.selectrona.elbflorenz-marketing.de\/?page_id=11896"},"modified":"2024-12-18T20:07:13","modified_gmt":"2024-12-18T19:07:13","slug":"kunststoffspritzgiessen","status":"publish","type":"page","link":"https:\/\/mate-tronix.com\/en\/kunststoffspritzgiessen\/","title":{"rendered":"Plastic injection moulding"},"content":{"rendered":"<div data-elementor-type=\"wp-page\" data-elementor-id=\"11896\" class=\"elementor elementor-11896\" data-elementor-post-type=\"page\">\n\t\t\t\t\t\t<section class=\"elementor-section elementor-top-section elementor-element elementor-element-53e59613 elementor-section-boxed elementor-section-height-default elementor-section-height-default\" data-id=\"53e59613\" data-element_type=\"section\" data-e-type=\"section\">\n\t\t\t\t\t\t<div class=\"elementor-container elementor-column-gap-default\">\n\t\t\t\t\t<div class=\"elementor-column elementor-col-100 elementor-top-column elementor-element elementor-element-1ac6fceb top column-style-top\" data-id=\"1ac6fceb\" data-element_type=\"column\" data-e-type=\"column\">\n\t\t\t<div class=\"elementor-widget-wrap elementor-element-populated\">\n\t\t\t\t\t\t<div class=\"elementor-element elementor-element-a949614 elementor-widget elementor-widget-gva-text-arrow\" data-id=\"a949614\" data-element_type=\"widget\" data-e-type=\"widget\" data-widget_type=\"gva-text-arrow.default\">\n\t\t\t\t<div class=\"elementor-widget-container\">\n\t\t\t\t\t<div class=\"gva-element-gva-text-arrow gva-element\">\r\n<div class=\"gva-text-arrow style-1\">\r\n   <div class=\"content-inner\">\r\n      <h3 class=\"title\">\r\n                                 <span><h2>Plastic injection moulding<\/h2><\/span>\r\n                <\/h3>\r\n               <div class=\"descrption\">Our company has a manufacturing portfolio of 1-, 2- and 3-component injection moulding. This expertise is in the capable hands of our application engineers, process engineers and technicians, who are trained to the highest level.<\/div>\r\n         <\/div>   \r\n<\/div>\r\n<\/div>\t\t\t\t<\/div>\n\t\t\t\t<\/div>\n\t\t\t\t<div class=\"elementor-element elementor-element-29343123 elementor-widget elementor-widget-spacer\" data-id=\"29343123\" data-element_type=\"widget\" data-e-type=\"widget\" data-widget_type=\"spacer.default\">\n\t\t\t\t<div class=\"elementor-widget-container\">\n\t\t\t\t\t\t\t<div class=\"elementor-spacer\">\n\t\t\t<div class=\"elementor-spacer-inner\"><\/div>\n\t\t<\/div>\n\t\t\t\t\t\t<\/div>\n\t\t\t\t<\/div>\n\t\t\t\t\t<\/div>\n\t\t<\/div>\n\t\t\t\t\t<\/div>\n\t\t<\/section>\n\t\t\t\t<section class=\"elementor-section elementor-top-section elementor-element elementor-element-6438e6f9 elementor-section-boxed elementor-section-height-default elementor-section-height-default\" data-id=\"6438e6f9\" data-element_type=\"section\" data-e-type=\"section\">\n\t\t\t\t\t\t<div class=\"elementor-container elementor-column-gap-default\">\n\t\t\t\t\t<div class=\"elementor-column elementor-col-100 elementor-top-column elementor-element elementor-element-4b072f28 top column-style-top\" data-id=\"4b072f28\" data-element_type=\"column\" data-e-type=\"column\">\n\t\t\t<div class=\"elementor-widget-wrap elementor-element-populated\">\n\t\t\t\t\t\t<div class=\"elementor-element elementor-element-3ce6ee18 elementor-widget elementor-widget-text-editor\" data-id=\"3ce6ee18\" data-element_type=\"widget\" data-e-type=\"widget\" data-widget_type=\"text-editor.default\">\n\t\t\t\t<div class=\"elementor-widget-container\">\n\t\t\t\t\t\t\t\t\t<h4><strong>Machine park<\/strong><\/h4><ul class=\"feature-list\"><li>Leading manufacturers: Arburg, Battenfeld, Sumitomo Demag, Krauss-Maffei<\/li><li>Clamping forces from 35 to 400 tonnes (344 kN to 3,920 kN)<\/li><li>Around 90 injection moulding machines at three locations<\/li><li>Vertical and horizontal injection moulding machines<\/li><li>Rotary table machines for parallel processes (placement &amp; injection moulding)<\/li><li>Fully electric, hydraulic and hybrid machines<\/li><li>Cavity pressure monitoring<\/li><\/ul><hr style=\"border-color: #a32c1e;\" \/>\t\t\t\t\t\t\t\t<\/div>\n\t\t\t\t<\/div>\n\t\t\t\t<div class=\"elementor-element elementor-element-731488b1 elementor-widget elementor-widget-text-editor\" data-id=\"731488b1\" data-element_type=\"widget\" data-e-type=\"widget\" data-widget_type=\"text-editor.default\">\n\t\t\t\t<div class=\"elementor-widget-container\">\n\t\t\t\t\t\t\t\t\t<h4>Tools<\/h4><ul class=\"feature-list\"><li>2- and 3-plate tools<\/li><li>Integrated drive technologies (pneumatics\/hydraulics\/servomotors)<\/li><li>1 to 32 cavities<\/li><li>From one to multiple inserts per cavity<\/li><li>Cold runner and hot runner moulds, hot runner moulds with cold sub-distributor<\/li><\/ul><hr style=\"border-color: #a32c1e;\" \/>\t\t\t\t\t\t\t\t<\/div>\n\t\t\t\t<\/div>\n\t\t\t\t<div class=\"elementor-element elementor-element-dae94e3 elementor-widget elementor-widget-text-editor\" data-id=\"dae94e3\" data-element_type=\"widget\" data-e-type=\"widget\" data-widget_type=\"text-editor.default\">\n\t\t\t\t<div class=\"elementor-widget-container\">\n\t\t\t\t\t\t\t\t\t<h4>Plastics<\/h4><ul class=\"feature-list\"><li>Processing of PA, PP, PPA, PBT, PPS, PPE, POM, PC, ABS, SAN, TPE from various manufacturers and suppliers<\/li><\/ul><hr style=\"border-color: #a32c1e;\" \/>\t\t\t\t\t\t\t\t<\/div>\n\t\t\t\t<\/div>\n\t\t\t\t<div class=\"elementor-element elementor-element-d34af67 elementor-widget elementor-widget-text-editor\" data-id=\"d34af67\" data-element_type=\"widget\" data-e-type=\"widget\" data-widget_type=\"text-editor.default\">\n\t\t\t\t<div class=\"elementor-widget-container\">\n\t\t\t\t\t\t\t\t\t<h4>Applications<\/h4><ul class=\"feature-list\"><li>Automotive<\/li><li>Facilities and energy engineering<\/li><li>Other industrial applications<\/li><\/ul><hr style=\"border-color: #a32c1e;\" \/>\t\t\t\t\t\t\t\t<\/div>\n\t\t\t\t<\/div>\n\t\t\t\t<div class=\"elementor-element elementor-element-fe20d18 elementor-widget elementor-widget-text-editor\" data-id=\"fe20d18\" data-element_type=\"widget\" data-e-type=\"widget\" data-widget_type=\"text-editor.default\">\n\t\t\t\t<div class=\"elementor-widget-container\">\n\t\t\t\t\t\t\t\t\t<h4>Special services<\/h4><ul class=\"feature-list\"><li>Separation processes in the mould<\/li><li>Multi-component injection moulding<\/li><li>Reel-to-Reel<\/li><li>OPC UA data processing<\/li><\/ul><hr style=\"border-color: #a32c1e;\" \/>\t\t\t\t\t\t\t\t<\/div>\n\t\t\t\t<\/div>\n\t\t\t\t<div class=\"elementor-element elementor-element-17505021 elementor-widget elementor-widget-spacer\" data-id=\"17505021\" data-element_type=\"widget\" data-e-type=\"widget\" data-widget_type=\"spacer.default\">\n\t\t\t\t<div class=\"elementor-widget-container\">\n\t\t\t\t\t\t\t<div class=\"elementor-spacer\">\n\t\t\t<div class=\"elementor-spacer-inner\"><\/div>\n\t\t<\/div>\n\t\t\t\t\t\t<\/div>\n\t\t\t\t<\/div>\n\t\t\t\t<div class=\"elementor-element elementor-element-63012d8b custom-img-lightbox elementor-hidden-desktop elementor-hidden-tablet elementor-hidden-mobile elementor-arrows-position-inside elementor-pagination-position-outside elementor-widget elementor-widget-image-carousel\" data-id=\"63012d8b\" data-element_type=\"widget\" data-e-type=\"widget\" data-settings=\"{&quot;navigation&quot;:&quot;both&quot;,&quot;autoplay&quot;:&quot;yes&quot;,&quot;pause_on_hover&quot;:&quot;yes&quot;,&quot;pause_on_interaction&quot;:&quot;yes&quot;,&quot;autoplay_speed&quot;:5000,&quot;infinite&quot;:&quot;yes&quot;,&quot;speed&quot;:500}\" data-widget_type=\"image-carousel.default\">\n\t\t\t\t<div class=\"elementor-widget-container\">\n\t\t\t\t\t\t\t<div class=\"elementor-image-carousel-wrapper swiper\" role=\"region\" aria-roledescription=\"carousel\" aria-label=\"Bild Karussell\" dir=\"ltr\">\n\t\t\t<div class=\"elementor-image-carousel swiper-wrapper\" aria-live=\"off\">\n\t\t\t\t\t\t\t\t<div class=\"swiper-slide\" role=\"group\" aria-roledescription=\"slide\" aria-label=\"1 von 3\"><a data-elementor-open-lightbox=\"yes\" data-elementor-lightbox-slideshow=\"63012d8b\" data-elementor-lightbox-title=\"Kabelunspritzungen2\" data-e-action-hash=\"#elementor-action%3Aaction%3Dlightbox%26settings%3DeyJpZCI6MTE1MjcsInVybCI6Imh0dHBzOlwvXC9tYXRlLXRyb25peC5jb21cL3dwLWNvbnRlbnRcL3VwbG9hZHNcLzIwMjJcLzAxXC9LYWJlbHVuc3ByaXR6dW5nZW4yLmpwZyIsInNsaWRlc2hvdyI6IjYzMDEyZDhiIn0%3D\" href=\"https:\/\/mate-tronix.com\/wp-content\/uploads\/2017\/05\/Bildschirmfoto-2022-02-18-um-12.18.54.png\"><figure class=\"swiper-slide-inner\"><img decoding=\"async\" class=\"swiper-slide-image\" src=\"https:\/\/mate-tronix.com\/wp-content\/uploads\/2022\/01\/Kabelunspritzungen2.jpg\" alt=\"Kabelunspritzungen2\" \/><\/figure><\/a><\/div><div class=\"swiper-slide\" role=\"group\" aria-roledescription=\"slide\" aria-label=\"2 von 3\"><a data-elementor-open-lightbox=\"yes\" data-elementor-lightbox-slideshow=\"63012d8b\" data-elementor-lightbox-title=\"Kabelunspritzungen\" data-e-action-hash=\"#elementor-action%3Aaction%3Dlightbox%26settings%3DeyJpZCI6MTE1MjUsInVybCI6Imh0dHBzOlwvXC9tYXRlLXRyb25peC5jb21cL3dwLWNvbnRlbnRcL3VwbG9hZHNcLzIwMjJcLzAxXC9LYWJlbHVuc3ByaXR6dW5nZW4uanBnIiwic2xpZGVzaG93IjoiNjMwMTJkOGIifQ%3D%3D\" href=\"https:\/\/mate-tronix.com\/wp-content\/uploads\/2017\/05\/Bildschirmfoto-2022-02-18-um-12.18.54.png\"><figure class=\"swiper-slide-inner\"><img decoding=\"async\" class=\"swiper-slide-image\" src=\"https:\/\/mate-tronix.com\/wp-content\/uploads\/2022\/01\/Kabelunspritzungen.jpg\" alt=\"Kabelunspritzungen\" \/><\/figure><\/a><\/div><div class=\"swiper-slide\" role=\"group\" aria-roledescription=\"slide\" aria-label=\"3 von 3\"><a data-elementor-open-lightbox=\"yes\" data-elementor-lightbox-slideshow=\"63012d8b\" data-elementor-lightbox-title=\"Kabelunspritzungen1\" data-e-action-hash=\"#elementor-action%3Aaction%3Dlightbox%26settings%3DeyJpZCI6MTE1MjYsInVybCI6Imh0dHBzOlwvXC9tYXRlLXRyb25peC5jb21cL3dwLWNvbnRlbnRcL3VwbG9hZHNcLzIwMjJcLzAxXC9LYWJlbHVuc3ByaXR6dW5nZW4xLmpwZyIsInNsaWRlc2hvdyI6IjYzMDEyZDhiIn0%3D\" href=\"https:\/\/mate-tronix.com\/wp-content\/uploads\/2017\/05\/Bildschirmfoto-2022-02-18-um-12.18.54.png\"><figure class=\"swiper-slide-inner\"><img decoding=\"async\" class=\"swiper-slide-image\" src=\"https:\/\/mate-tronix.com\/wp-content\/uploads\/2022\/01\/Kabelunspritzungen1.jpg\" alt=\"Kabelunspritzungen1\" \/><\/figure><\/a><\/div>\t\t\t<\/div>\n\t\t\t\t\t\t\t\t\t\t\t\t<div class=\"elementor-swiper-button elementor-swiper-button-prev\" role=\"button\" tabindex=\"0\">\n\t\t\t\t\t\t<i aria-hidden=\"true\" class=\"eicon-chevron-left\"><\/i>\t\t\t\t\t<\/div>\n\t\t\t\t\t<div class=\"elementor-swiper-button elementor-swiper-button-next\" role=\"button\" tabindex=\"0\">\n\t\t\t\t\t\t<i aria-hidden=\"true\" class=\"eicon-chevron-right\"><\/i>\t\t\t\t\t<\/div>\n\t\t\t\t\n\t\t\t\t\t\t\t\t\t<div class=\"swiper-pagination\"><\/div>\n\t\t\t\t\t\t\t\t\t<\/div>\n\t\t\t\t\t\t<\/div>\n\t\t\t\t<\/div>\n\t\t\t\t<div class=\"elementor-element elementor-element-4120bd24 elementor-widget elementor-widget-spacer\" data-id=\"4120bd24\" data-element_type=\"widget\" data-e-type=\"widget\" data-widget_type=\"spacer.default\">\n\t\t\t\t<div class=\"elementor-widget-container\">\n\t\t\t\t\t\t\t<div class=\"elementor-spacer\">\n\t\t\t<div class=\"elementor-spacer-inner\"><\/div>\n\t\t<\/div>\n\t\t\t\t\t\t<\/div>\n\t\t\t\t<\/div>\n\t\t\t\t\t<\/div>\n\t\t<\/div>\n\t\t\t\t\t<\/div>\n\t\t<\/section>\n\t\t\t\t<\/div>","protected":false},"excerpt":{"rendered":"<p>Kunststoffspritzgie\u00dfen Die Expertise im Unternehmen mit einem Fertigungs-Portfolio von 1-,2- und 3-Komponenten-Spritzgie\u00dfen wird durch unsere Anwendungstechniker, Prozessingenieure und auf h\u00f6chstem Niveau ausgebildete Techniker gehalten. Maschinenpark Namenhafte Hersteller: Arburg, Battenfeld, Sumitomo Demag, Krauss-Maffei Schlie\u00dfkr\u00e4fte von 35 bis 400 Tonnen (344 kN bis 3.920 kN) rund 90 Spritzgie\u00dfmaschinen an drei Standorten Vertikal- und Horizontalspritzgie\u00dfmaschinen Rundtischmaschinen f\u00fcr Parallelprozesse [&hellip;]<\/p>","protected":false},"author":14,"featured_media":0,"parent":0,"menu_order":0,"comment_status":"closed","ping_status":"closed","template":"","meta":{"footnotes":""},"class_list":["post-11896","page","type-page","status-publish","hentry"],"acf":[],"yoast_head":"<!-- This site is optimized with the Yoast SEO plugin v24.9 - https:\/\/yoast.com\/wordpress\/plugins\/seo\/ -->\n<title>Kunststoffspritzgie\u00dfen - MATEtronix<\/title>\n<meta name=\"robots\" content=\"index, follow, max-snippet:-1, max-image-preview:large, max-video-preview:-1\" \/>\n<link rel=\"canonical\" href=\"https:\/\/mate-tronix.com\/en\/kunststoffspritzgiessen\/\" \/>\n<meta property=\"og:locale\" content=\"en_US\" \/>\n<meta property=\"og:type\" content=\"article\" \/>\n<meta property=\"og:title\" content=\"Kunststoffspritzgie\u00dfen - MATEtronix\" \/>\n<meta property=\"og:description\" content=\"Kunststoffspritzgie\u00dfen Die Expertise im Unternehmen mit einem Fertigungs-Portfolio von 1-,2- und 3-Komponenten-Spritzgie\u00dfen wird durch unsere Anwendungstechniker, Prozessingenieure und auf h\u00f6chstem Niveau ausgebildete Techniker gehalten. Maschinenpark Namenhafte Hersteller: Arburg, Battenfeld, Sumitomo Demag, Krauss-Maffei Schlie\u00dfkr\u00e4fte von 35 bis 400 Tonnen (344 kN bis 3.920 kN) rund 90 Spritzgie\u00dfmaschinen an drei Standorten Vertikal- und Horizontalspritzgie\u00dfmaschinen Rundtischmaschinen f\u00fcr Parallelprozesse [&hellip;]\" \/>\n<meta property=\"og:url\" content=\"https:\/\/mate-tronix.com\/en\/kunststoffspritzgiessen\/\" \/>\n<meta property=\"og:site_name\" content=\"MATEtronix\" \/>\n<meta property=\"article:modified_time\" content=\"2024-12-18T19:07:13+00:00\" \/>\n<meta property=\"og:image\" content=\"https:\/\/mate-tronix.com\/wp-content\/uploads\/2022\/01\/Kabelunspritzungen2.jpg\" \/>\n<meta name=\"twitter:card\" content=\"summary_large_image\" \/>\n<meta name=\"twitter:label1\" content=\"Est. reading time\" \/>\n\t<meta name=\"twitter:data1\" content=\"2 minutes\" \/>\n<!-- \/ Yoast SEO plugin. -->","yoast_head_json":{"title":"Kunststoffspritzgie\u00dfen - MATEtronix","robots":{"index":"index","follow":"follow","max-snippet":"max-snippet:-1","max-image-preview":"max-image-preview:large","max-video-preview":"max-video-preview:-1"},"canonical":"https:\/\/mate-tronix.com\/en\/kunststoffspritzgiessen\/","og_locale":"en_US","og_type":"article","og_title":"Kunststoffspritzgie\u00dfen - MATEtronix","og_description":"Kunststoffspritzgie\u00dfen Die Expertise im Unternehmen mit einem Fertigungs-Portfolio von 1-,2- und 3-Komponenten-Spritzgie\u00dfen wird durch unsere Anwendungstechniker, Prozessingenieure und auf h\u00f6chstem Niveau ausgebildete Techniker gehalten. Maschinenpark Namenhafte Hersteller: Arburg, Battenfeld, Sumitomo Demag, Krauss-Maffei Schlie\u00dfkr\u00e4fte von 35 bis 400 Tonnen (344 kN bis 3.920 kN) rund 90 Spritzgie\u00dfmaschinen an drei Standorten Vertikal- und Horizontalspritzgie\u00dfmaschinen Rundtischmaschinen f\u00fcr Parallelprozesse [&hellip;]","og_url":"https:\/\/mate-tronix.com\/en\/kunststoffspritzgiessen\/","og_site_name":"MATEtronix","article_modified_time":"2024-12-18T19:07:13+00:00","og_image":[{"url":"https:\/\/mate-tronix.com\/wp-content\/uploads\/2022\/01\/Kabelunspritzungen2.jpg","type":"","width":"","height":""}],"twitter_card":"summary_large_image","twitter_misc":{"Est. reading time":"2 minutes"},"schema":{"@context":"https:\/\/schema.org","@graph":[{"@type":"WebPage","@id":"https:\/\/mate-tronix.com\/kunststoffspritzgiessen\/","url":"https:\/\/mate-tronix.com\/kunststoffspritzgiessen\/","name":"Kunststoffspritzgie\u00dfen - MATEtronix","isPartOf":{"@id":"https:\/\/mate-tronix.com\/#website"},"primaryImageOfPage":{"@id":"https:\/\/mate-tronix.com\/kunststoffspritzgiessen\/#primaryimage"},"image":{"@id":"https:\/\/mate-tronix.com\/kunststoffspritzgiessen\/#primaryimage"},"thumbnailUrl":"https:\/\/mate-tronix.com\/wp-content\/uploads\/2022\/01\/Kabelunspritzungen2.jpg","datePublished":"2022-02-14T06:57:37+00:00","dateModified":"2024-12-18T19:07:13+00:00","breadcrumb":{"@id":"https:\/\/mate-tronix.com\/kunststoffspritzgiessen\/#breadcrumb"},"inLanguage":"en-US","potentialAction":[{"@type":"ReadAction","target":["https:\/\/mate-tronix.com\/kunststoffspritzgiessen\/"]}]},{"@type":"ImageObject","inLanguage":"en-US","@id":"https:\/\/mate-tronix.com\/kunststoffspritzgiessen\/#primaryimage","url":"https:\/\/mate-tronix.com\/wp-content\/uploads\/2022\/01\/Kabelunspritzungen2.jpg","contentUrl":"https:\/\/mate-tronix.com\/wp-content\/uploads\/2022\/01\/Kabelunspritzungen2.jpg"},{"@type":"BreadcrumbList","@id":"https:\/\/mate-tronix.com\/kunststoffspritzgiessen\/#breadcrumb","itemListElement":[{"@type":"ListItem","position":1,"name":"Startseite","item":"https:\/\/mate-tronix.com\/"},{"@type":"ListItem","position":2,"name":"Kunststoffspritzgie\u00dfen"}]},{"@type":"WebSite","@id":"https:\/\/mate-tronix.com\/#website","url":"https:\/\/mate-tronix.com\/","name":"Selectrona","description":"","publisher":{"@id":"https:\/\/mate-tronix.com\/#organization"},"potentialAction":[{"@type":"SearchAction","target":{"@type":"EntryPoint","urlTemplate":"https:\/\/mate-tronix.com\/?s={search_term_string}"},"query-input":{"@type":"PropertyValueSpecification","valueRequired":true,"valueName":"search_term_string"}}],"inLanguage":"en-US"},{"@type":"Organization","@id":"https:\/\/mate-tronix.com\/#organization","name":"Selectrona","url":"https:\/\/mate-tronix.com\/","logo":{"@type":"ImageObject","inLanguage":"en-US","@id":"https:\/\/mate-tronix.com\/#\/schema\/logo\/image\/","url":"https:\/\/mate-tronix.com\/wp-content\/uploads\/2024\/12\/logo-matetronix-2915.png","contentUrl":"https:\/\/mate-tronix.com\/wp-content\/uploads\/2024\/12\/logo-matetronix-2915.png","width":2915,"height":761,"caption":"Selectrona"},"image":{"@id":"https:\/\/mate-tronix.com\/#\/schema\/logo\/image\/"}}]}},"_links":{"self":[{"href":"https:\/\/mate-tronix.com\/en\/wp-json\/wp\/v2\/pages\/11896","targetHints":{"allow":["GET"]}}],"collection":[{"href":"https:\/\/mate-tronix.com\/en\/wp-json\/wp\/v2\/pages"}],"about":[{"href":"https:\/\/mate-tronix.com\/en\/wp-json\/wp\/v2\/types\/page"}],"author":[{"embeddable":true,"href":"https:\/\/mate-tronix.com\/en\/wp-json\/wp\/v2\/users\/14"}],"replies":[{"embeddable":true,"href":"https:\/\/mate-tronix.com\/en\/wp-json\/wp\/v2\/comments?post=11896"}],"version-history":[{"count":10,"href":"https:\/\/mate-tronix.com\/en\/wp-json\/wp\/v2\/pages\/11896\/revisions"}],"predecessor-version":[{"id":13554,"href":"https:\/\/mate-tronix.com\/en\/wp-json\/wp\/v2\/pages\/11896\/revisions\/13554"}],"wp:attachment":[{"href":"https:\/\/mate-tronix.com\/en\/wp-json\/wp\/v2\/media?parent=11896"}],"curies":[{"name":"wp","href":"https:\/\/api.w.org\/{rel}","templated":true}]}}