{"id":12161,"date":"2022-02-23T14:02:24","date_gmt":"2022-02-23T13:02:24","guid":{"rendered":"https:\/\/www.selectrona.elbflorenz-marketing.de\/?page_id=12161"},"modified":"2024-12-18T19:58:28","modified_gmt":"2024-12-18T18:58:28","slug":"stator-rotor-umspritzungen","status":"publish","type":"page","link":"https:\/\/mate-tronix.com\/en\/stator-rotor-umspritzungen\/","title":{"rendered":"Stator \/ rotor overmouldings"},"content":{"rendered":"<div data-elementor-type=\"wp-page\" data-elementor-id=\"12161\" class=\"elementor elementor-12161\" data-elementor-post-type=\"page\">\n\t\t\t\t\t\t<section class=\"elementor-section elementor-top-section elementor-element elementor-element-f3fb3d0 elementor-section-boxed elementor-section-height-default elementor-section-height-default\" data-id=\"f3fb3d0\" data-element_type=\"section\" data-e-type=\"section\">\n\t\t\t\t\t\t<div class=\"elementor-container elementor-column-gap-default\">\n\t\t\t\t\t<div class=\"elementor-column elementor-col-100 elementor-top-column elementor-element elementor-element-1925367 top column-style-top\" data-id=\"1925367\" data-element_type=\"column\" data-e-type=\"column\">\n\t\t\t<div class=\"elementor-widget-wrap elementor-element-populated\">\n\t\t\t\t\t\t<div class=\"elementor-element elementor-element-b989904 elementor-widget elementor-widget-spacer\" data-id=\"b989904\" data-element_type=\"widget\" data-e-type=\"widget\" data-widget_type=\"spacer.default\">\n\t\t\t\t<div class=\"elementor-widget-container\">\n\t\t\t\t\t\t\t<div class=\"elementor-spacer\">\n\t\t\t<div class=\"elementor-spacer-inner\"><\/div>\n\t\t<\/div>\n\t\t\t\t\t\t<\/div>\n\t\t\t\t<\/div>\n\t\t\t\t<div class=\"elementor-element elementor-element-2c15d69 elementor-widget elementor-widget-gva-text-arrow\" data-id=\"2c15d69\" data-element_type=\"widget\" data-e-type=\"widget\" data-widget_type=\"gva-text-arrow.default\">\n\t\t\t\t<div class=\"elementor-widget-container\">\n\t\t\t\t\t<div class=\"gva-element-gva-text-arrow gva-element\">\r\n<div class=\"gva-text-arrow style-1\">\r\n   <div class=\"content-inner\">\r\n      <h3 class=\"title\">\r\n                                 <span><h2>Stator \/ rotor overmouldings<\/h2><\/span>\r\n                <\/h3>\r\n               <div class=\"descrption\">Components for electric drives are needed in very high quantities, both in business and transport, and in the consumer goods sector. Their production should therefore be as cost-effective as possible, while at the same time they must meet high to very high quality requirements. This can only be achieved with equally highly effective and extremely efficient manufacturing processes.<\/div>\r\n         <\/div>   \r\n<\/div>\r\n<\/div>\t\t\t\t<\/div>\n\t\t\t\t<\/div>\n\t\t\t\t<div class=\"elementor-element elementor-element-c07d435 elementor-widget elementor-widget-spacer\" data-id=\"c07d435\" data-element_type=\"widget\" data-e-type=\"widget\" data-widget_type=\"spacer.default\">\n\t\t\t\t<div class=\"elementor-widget-container\">\n\t\t\t\t\t\t\t<div class=\"elementor-spacer\">\n\t\t\t<div class=\"elementor-spacer-inner\"><\/div>\n\t\t<\/div>\n\t\t\t\t\t\t<\/div>\n\t\t\t\t<\/div>\n\t\t\t\t\t<\/div>\n\t\t<\/div>\n\t\t\t\t\t<\/div>\n\t\t<\/section>\n\t\t\t\t<section class=\"elementor-section elementor-top-section elementor-element elementor-element-a1163b3 elementor-section-boxed elementor-section-height-default elementor-section-height-default\" data-id=\"a1163b3\" data-element_type=\"section\" data-e-type=\"section\">\n\t\t\t\t\t\t<div class=\"elementor-container elementor-column-gap-default\">\n\t\t\t\t\t<div class=\"elementor-column elementor-col-100 elementor-top-column elementor-element elementor-element-962f0b6 top column-style-top\" data-id=\"962f0b6\" data-element_type=\"column\" data-e-type=\"column\">\n\t\t\t<div class=\"elementor-widget-wrap elementor-element-populated\">\n\t\t\t\t\t\t<div class=\"elementor-element elementor-element-d186c69 elementor-widget elementor-widget-text-editor\" data-id=\"d186c69\" data-element_type=\"widget\" data-e-type=\"widget\" data-widget_type=\"text-editor.default\">\n\t\t\t\t<div class=\"elementor-widget-container\">\n\t\t\t\t\t\t\t\t\t<h4><strong>Functions<\/strong><\/h4><ul class=\"feature-list\"><li><strong>Electric drives<\/strong><br \/>Rotor and stator are core elements of an electric motor or generator. The stator, which is wound with coils, is stationary, while the rotor, which is offset with magnets, is the rotating part.<\/li><\/ul><hr style=\"border-color: #a32c1e;\" \/>\t\t\t\t\t\t\t\t<\/div>\n\t\t\t\t<\/div>\n\t\t\t\t<div class=\"elementor-element elementor-element-382fc42 elementor-widget elementor-widget-text-editor\" data-id=\"382fc42\" data-element_type=\"widget\" data-e-type=\"widget\" data-widget_type=\"text-editor.default\">\n\t\t\t\t<div class=\"elementor-widget-container\">\n\t\t\t\t\t\t\t\t\t<h4><strong>Areas of application<\/strong><\/h4><ul class=\"feature-list\"><li>Automotive<\/li><li>Mechanical and plant engineering<\/li><li>Industrial technology<\/li><li>Building services engineering<\/li><li>Energy technology<\/li><\/ul><hr style=\"border-color: #a32c1e;\" \/>\t\t\t\t\t\t\t\t<\/div>\n\t\t\t\t<\/div>\n\t\t\t\t<div class=\"elementor-element elementor-element-0671b72 elementor-widget elementor-widget-spacer\" data-id=\"0671b72\" data-element_type=\"widget\" data-e-type=\"widget\" data-widget_type=\"spacer.default\">\n\t\t\t\t<div class=\"elementor-widget-container\">\n\t\t\t\t\t\t\t<div class=\"elementor-spacer\">\n\t\t\t<div class=\"elementor-spacer-inner\"><\/div>\n\t\t<\/div>\n\t\t\t\t\t\t<\/div>\n\t\t\t\t<\/div>\n\t\t\t\t<div class=\"elementor-element elementor-element-2edaca9 custom-img-lightbox elementor-arrows-position-inside elementor-pagination-position-outside elementor-widget elementor-widget-image-carousel\" data-id=\"2edaca9\" data-element_type=\"widget\" data-e-type=\"widget\" data-settings=\"{&quot;slides_to_show&quot;:&quot;3&quot;,&quot;navigation&quot;:&quot;both&quot;,&quot;autoplay&quot;:&quot;yes&quot;,&quot;pause_on_hover&quot;:&quot;yes&quot;,&quot;pause_on_interaction&quot;:&quot;yes&quot;,&quot;autoplay_speed&quot;:5000,&quot;infinite&quot;:&quot;yes&quot;,&quot;speed&quot;:500}\" data-widget_type=\"image-carousel.default\">\n\t\t\t\t<div class=\"elementor-widget-container\">\n\t\t\t\t\t\t\t<div class=\"elementor-image-carousel-wrapper swiper\" role=\"region\" aria-roledescription=\"carousel\" aria-label=\"Bild Karussell\" dir=\"ltr\">\n\t\t\t<div class=\"elementor-image-carousel swiper-wrapper\" aria-live=\"off\">\n\t\t\t\t\t\t\t\t<div class=\"swiper-slide\" role=\"group\" aria-roledescription=\"slide\" aria-label=\"1 von 5\"><figure class=\"swiper-slide-inner\"><img decoding=\"async\" class=\"swiper-slide-image\" src=\"https:\/\/mate-tronix.com\/wp-content\/uploads\/2022\/05\/Spulenko\u0308rper-Produkt.jpg\" alt=\"Frank Lochau, ProCopter GmbH\" \/><figcaption class=\"elementor-image-carousel-caption\">Coil body in the motor of an electric auxiliary water pump<\/figcaption><\/figure><\/div><div class=\"swiper-slide\" role=\"group\" aria-roledescription=\"slide\" aria-label=\"2 von 5\"><figure class=\"swiper-slide-inner\"><img decoding=\"async\" class=\"swiper-slide-image\" src=\"https:\/\/mate-tronix.com\/wp-content\/uploads\/2022\/06\/Bobbin.jpg\" alt=\"Stator eines elektrischen Antriebs, z. B. f\u00fcr Kaffeemaschinen und Heizungssteuerungen\" \/><figcaption class=\"elementor-image-carousel-caption\">Stator of an electric drive, e.g., for coffee machines and heating controls<\/figcaption><\/figure><\/div><div class=\"swiper-slide\" role=\"group\" aria-roledescription=\"slide\" aria-label=\"3 von 5\"><figure class=\"swiper-slide-inner\"><img decoding=\"async\" class=\"swiper-slide-image\" src=\"https:\/\/mate-tronix.com\/wp-content\/uploads\/2022\/06\/Rotor.jpg\" alt=\"Rotor des elektrischen Antriebs f\u00fcr K\u00fchlerl\u00fcftermodule\" \/><figcaption class=\"elementor-image-carousel-caption\">Rotor of the electric drive for cooling fan modules<\/figcaption><\/figure><\/div><div class=\"swiper-slide\" role=\"group\" aria-roledescription=\"slide\" aria-label=\"4 von 5\"><figure class=\"swiper-slide-inner\"><img decoding=\"async\" class=\"swiper-slide-image\" src=\"https:\/\/mate-tronix.com\/wp-content\/uploads\/2022\/06\/Stator.jpg\" alt=\"Stator des elektrischen Antriebs f\u00fcr K\u00fchlerl\u00fcftermodule\" \/><figcaption class=\"elementor-image-carousel-caption\">Stator of the electric drive for cooling fan modules<\/figcaption><\/figure><\/div><div class=\"swiper-slide\" role=\"group\" aria-roledescription=\"slide\" aria-label=\"5 von 5\"><figure class=\"swiper-slide-inner\"><img decoding=\"async\" class=\"swiper-slide-image\" src=\"https:\/\/mate-tronix.com\/wp-content\/uploads\/2022\/05\/StatorRotor-Umspritzungen.jpg\" alt=\"Quelle: Frank Lochau, ProCopter GmbH\" \/><figcaption class=\"elementor-image-carousel-caption\">Component for cooling fan modules<\/figcaption><\/figure><\/div>\t\t\t<\/div>\n\t\t\t\t\t\t\t\t\t\t\t\t<div class=\"elementor-swiper-button elementor-swiper-button-prev\" role=\"button\" tabindex=\"0\">\n\t\t\t\t\t\t<i aria-hidden=\"true\" class=\"eicon-chevron-left\"><\/i>\t\t\t\t\t<\/div>\n\t\t\t\t\t<div class=\"elementor-swiper-button elementor-swiper-button-next\" role=\"button\" tabindex=\"0\">\n\t\t\t\t\t\t<i aria-hidden=\"true\" class=\"eicon-chevron-right\"><\/i>\t\t\t\t\t<\/div>\n\t\t\t\t\n\t\t\t\t\t\t\t\t\t<div class=\"swiper-pagination\"><\/div>\n\t\t\t\t\t\t\t\t\t<\/div>\n\t\t\t\t\t\t<\/div>\n\t\t\t\t<\/div>\n\t\t\t\t<div class=\"elementor-element elementor-element-34c6c3a elementor-widget elementor-widget-spacer\" data-id=\"34c6c3a\" data-element_type=\"widget\" data-e-type=\"widget\" data-widget_type=\"spacer.default\">\n\t\t\t\t<div class=\"elementor-widget-container\">\n\t\t\t\t\t\t\t<div class=\"elementor-spacer\">\n\t\t\t<div class=\"elementor-spacer-inner\"><\/div>\n\t\t<\/div>\n\t\t\t\t\t\t<\/div>\n\t\t\t\t<\/div>\n\t\t\t\t\t<\/div>\n\t\t<\/div>\n\t\t\t\t\t<\/div>\n\t\t<\/section>\n\t\t\t\t<section class=\"elementor-section elementor-top-section elementor-element elementor-element-769e0bd elementor-section-stretched elementor-section-boxed elementor-section-height-default elementor-section-height-default\" data-id=\"769e0bd\" data-element_type=\"section\" data-e-type=\"section\" data-settings=\"{&quot;stretch_section&quot;:&quot;section-stretched&quot;,&quot;background_background&quot;:&quot;classic&quot;}\">\n\t\t\t\t\t\t<div class=\"elementor-container elementor-column-gap-default\">\n\t\t\t\t\t<div class=\"elementor-column elementor-col-100 elementor-top-column elementor-element elementor-element-8dcf735 top column-style-top\" data-id=\"8dcf735\" data-element_type=\"column\" data-e-type=\"column\">\n\t\t\t<div class=\"elementor-widget-wrap elementor-element-populated\">\n\t\t\t\t\t\t<div class=\"elementor-element elementor-element-27e0ddb elementor-widget elementor-widget-spacer\" data-id=\"27e0ddb\" data-element_type=\"widget\" data-e-type=\"widget\" data-widget_type=\"spacer.default\">\n\t\t\t\t<div class=\"elementor-widget-container\">\n\t\t\t\t\t\t\t<div class=\"elementor-spacer\">\n\t\t\t<div class=\"elementor-spacer-inner\"><\/div>\n\t\t<\/div>\n\t\t\t\t\t\t<\/div>\n\t\t\t\t<\/div>\n\t\t\t\t\t<\/div>\n\t\t<\/div>\n\t\t\t\t\t<\/div>\n\t\t<\/section>\n\t\t\t\t<section class=\"elementor-section elementor-top-section elementor-element elementor-element-97db9b3 elementor-section-stretched elementor-section-boxed elementor-section-height-default elementor-section-height-default\" data-id=\"97db9b3\" data-element_type=\"section\" data-e-type=\"section\" data-settings=\"{&quot;stretch_section&quot;:&quot;section-stretched&quot;,&quot;background_background&quot;:&quot;classic&quot;}\">\n\t\t\t\t\t\t<div class=\"elementor-container elementor-column-gap-default\">\n\t\t\t\t\t<div class=\"elementor-column elementor-col-33 elementor-top-column elementor-element elementor-element-f2a5e4c top column-style-top\" data-id=\"f2a5e4c\" data-element_type=\"column\" data-e-type=\"column\">\n\t\t\t<div class=\"elementor-widget-wrap\">\n\t\t\t\t\t\t\t<\/div>\n\t\t<\/div>\n\t\t\t\t<div class=\"elementor-column elementor-col-33 elementor-top-column elementor-element elementor-element-0b2f0cd top column-style-top\" data-id=\"0b2f0cd\" data-element_type=\"column\" data-e-type=\"column\">\n\t\t\t<div class=\"elementor-widget-wrap elementor-element-populated\">\n\t\t\t\t\t\t<div class=\"elementor-element elementor-element-6cd8cd0 elementor-widget elementor-widget-heading\" data-id=\"6cd8cd0\" data-element_type=\"widget\" data-e-type=\"widget\" data-widget_type=\"heading.default\">\n\t\t\t\t<div class=\"elementor-widget-container\">\n\t\t\t\t\t<h2 class=\"elementor-heading-title elementor-size-default\">Your contact partner<\/h2>\t\t\t\t<\/div>\n\t\t\t\t<\/div>\n\t\t\t\t<div class=\"elementor-element elementor-element-cf7e5ad elementor-widget elementor-widget-spacer\" data-id=\"cf7e5ad\" data-element_type=\"widget\" data-e-type=\"widget\" data-widget_type=\"spacer.default\">\n\t\t\t\t<div class=\"elementor-widget-container\">\n\t\t\t\t\t\t\t<div class=\"elementor-spacer\">\n\t\t\t<div class=\"elementor-spacer-inner\"><\/div>\n\t\t<\/div>\n\t\t\t\t\t\t<\/div>\n\t\t\t\t<\/div>\n\t\t\t\t<div class=\"elementor-element elementor-element-7b025de elementor-position-top elementor-widget elementor-widget-image-box\" data-id=\"7b025de\" data-element_type=\"widget\" data-e-type=\"widget\" data-widget_type=\"image-box.default\">\n\t\t\t\t<div class=\"elementor-widget-container\">\n\t\t\t\t\t<div class=\"elementor-image-box-wrapper\"><figure class=\"elementor-image-box-img\"><img decoding=\"async\" src=\"https:\/\/mate-tronix.com\/wp-content\/uploads\/2023\/06\/ronny_newrly_web-300x300.png\" title=\"ronny_newrly_web\" alt=\"ronny_newrly_web\" loading=\"lazy\" \/><\/figure><div class=\"elementor-image-box-content\"><h3 class=\"elementor-image-box-title\">Ronny Newrly<\/h3><p class=\"elementor-image-box-description\">BEng<br>\nVertriebsleiter\/ Sales Manager<br>\n<a href=\"tel:+ +4935046944214\"> +49 (0)  3504 \/ 69 44 \u2013 214<\/a><br>\n<a href=\"mailto:ronny.newrly@mate-tronix.com\">ronny.newrly@mate-tronix.com<\/a>\n\n<\/p><\/div><\/div>\t\t\t\t<\/div>\n\t\t\t\t<\/div>\n\t\t\t\t\t<\/div>\n\t\t<\/div>\n\t\t\t\t<div class=\"elementor-column elementor-col-33 elementor-top-column elementor-element elementor-element-81bf1cf top column-style-top\" data-id=\"81bf1cf\" data-element_type=\"column\" data-e-type=\"column\">\n\t\t\t<div class=\"elementor-widget-wrap\">\n\t\t\t\t\t\t\t<\/div>\n\t\t<\/div>\n\t\t\t\t\t<\/div>\n\t\t<\/section>\n\t\t\t\t<section class=\"elementor-section elementor-top-section elementor-element elementor-element-7404666 elementor-section-stretched elementor-section-boxed elementor-section-height-default elementor-section-height-default\" data-id=\"7404666\" data-element_type=\"section\" data-e-type=\"section\" data-settings=\"{&quot;stretch_section&quot;:&quot;section-stretched&quot;,&quot;background_background&quot;:&quot;classic&quot;}\">\n\t\t\t\t\t\t<div class=\"elementor-container elementor-column-gap-default\">\n\t\t\t\t\t<div class=\"elementor-column elementor-col-100 elementor-top-column elementor-element elementor-element-b742639 top column-style-top\" data-id=\"b742639\" data-element_type=\"column\" data-e-type=\"column\">\n\t\t\t<div class=\"elementor-widget-wrap elementor-element-populated\">\n\t\t\t\t\t\t<div class=\"elementor-element elementor-element-25bf79c elementor-widget elementor-widget-spacer\" data-id=\"25bf79c\" data-element_type=\"widget\" data-e-type=\"widget\" data-widget_type=\"spacer.default\">\n\t\t\t\t<div class=\"elementor-widget-container\">\n\t\t\t\t\t\t\t<div class=\"elementor-spacer\">\n\t\t\t<div class=\"elementor-spacer-inner\"><\/div>\n\t\t<\/div>\n\t\t\t\t\t\t<\/div>\n\t\t\t\t<\/div>\n\t\t\t\t\t<\/div>\n\t\t<\/div>\n\t\t\t\t\t<\/div>\n\t\t<\/section>\n\t\t\t\t<\/div>","protected":false},"excerpt":{"rendered":"<p>Stator-\/Rotor-Umspritzungen Komponenten f\u00fcr elektrische Antriebe werden in sehr hohen St\u00fcckzahlen ben\u00f6tigt, sowohl in der Wirtschaft und im Verkehr als auch im Konsumg\u00fcterbereich. Ihre Produktion soll daher m\u00f6glichst kosteng\u00fcnstig sein, w\u00e4hrend sie zugleich hohe bis sehr hohe Qualit\u00e4tsanforderungen erf\u00fcllen m\u00fcssen. Das gelingt nur mit gleicherma\u00dfen hocheffektiven und \u00e4u\u00dferst effizienten Fertigungsverfahren. Funktionen Elektrische AntriebeRotor und Stator sind [&hellip;]<\/p>","protected":false},"author":14,"featured_media":0,"parent":0,"menu_order":0,"comment_status":"closed","ping_status":"closed","template":"","meta":{"footnotes":""},"class_list":["post-12161","page","type-page","status-publish","hentry"],"acf":[],"yoast_head":"<!-- This site is optimized with the Yoast SEO plugin v24.9 - https:\/\/yoast.com\/wordpress\/plugins\/seo\/ -->\n<title>Stator-\/Rotor-Umspritzungen - MATEtronix<\/title>\n<meta name=\"robots\" content=\"index, follow, max-snippet:-1, max-image-preview:large, max-video-preview:-1\" \/>\n<link rel=\"canonical\" href=\"https:\/\/mate-tronix.com\/en\/stator-rotor-umspritzungen\/\" \/>\n<meta property=\"og:locale\" content=\"en_US\" \/>\n<meta property=\"og:type\" content=\"article\" \/>\n<meta property=\"og:title\" content=\"Stator-\/Rotor-Umspritzungen - MATEtronix\" \/>\n<meta property=\"og:description\" content=\"Stator-\/Rotor-Umspritzungen Komponenten f\u00fcr elektrische Antriebe werden in sehr hohen St\u00fcckzahlen ben\u00f6tigt, sowohl in der Wirtschaft und im Verkehr als auch im Konsumg\u00fcterbereich. Ihre Produktion soll daher m\u00f6glichst kosteng\u00fcnstig sein, w\u00e4hrend sie zugleich hohe bis sehr hohe Qualit\u00e4tsanforderungen erf\u00fcllen m\u00fcssen. Das gelingt nur mit gleicherma\u00dfen hocheffektiven und \u00e4u\u00dferst effizienten Fertigungsverfahren. Funktionen Elektrische AntriebeRotor und Stator sind [&hellip;]\" \/>\n<meta property=\"og:url\" content=\"https:\/\/mate-tronix.com\/en\/stator-rotor-umspritzungen\/\" \/>\n<meta property=\"og:site_name\" content=\"MATEtronix\" \/>\n<meta property=\"article:modified_time\" content=\"2024-12-18T18:58:28+00:00\" \/>\n<meta property=\"og:image\" content=\"https:\/\/mate-tronix.com\/wp-content\/uploads\/2022\/06\/Bobbin.jpg\" \/>\n<meta name=\"twitter:card\" content=\"summary_large_image\" \/>\n<meta name=\"twitter:label1\" content=\"Est. reading time\" \/>\n\t<meta name=\"twitter:data1\" content=\"2 minutes\" \/>\n<!-- \/ Yoast SEO plugin. -->","yoast_head_json":{"title":"Stator-\/Rotor-Umspritzungen - MATEtronix","robots":{"index":"index","follow":"follow","max-snippet":"max-snippet:-1","max-image-preview":"max-image-preview:large","max-video-preview":"max-video-preview:-1"},"canonical":"https:\/\/mate-tronix.com\/en\/stator-rotor-umspritzungen\/","og_locale":"en_US","og_type":"article","og_title":"Stator-\/Rotor-Umspritzungen - MATEtronix","og_description":"Stator-\/Rotor-Umspritzungen Komponenten f\u00fcr elektrische Antriebe werden in sehr hohen St\u00fcckzahlen ben\u00f6tigt, sowohl in der Wirtschaft und im Verkehr als auch im Konsumg\u00fcterbereich. Ihre Produktion soll daher m\u00f6glichst kosteng\u00fcnstig sein, w\u00e4hrend sie zugleich hohe bis sehr hohe Qualit\u00e4tsanforderungen erf\u00fcllen m\u00fcssen. Das gelingt nur mit gleicherma\u00dfen hocheffektiven und \u00e4u\u00dferst effizienten Fertigungsverfahren. Funktionen Elektrische AntriebeRotor und Stator sind [&hellip;]","og_url":"https:\/\/mate-tronix.com\/en\/stator-rotor-umspritzungen\/","og_site_name":"MATEtronix","article_modified_time":"2024-12-18T18:58:28+00:00","og_image":[{"url":"https:\/\/mate-tronix.com\/wp-content\/uploads\/2022\/06\/Bobbin.jpg","type":"","width":"","height":""}],"twitter_card":"summary_large_image","twitter_misc":{"Est. reading time":"2 minutes"},"schema":{"@context":"https:\/\/schema.org","@graph":[{"@type":"WebPage","@id":"https:\/\/mate-tronix.com\/stator-rotor-umspritzungen\/","url":"https:\/\/mate-tronix.com\/stator-rotor-umspritzungen\/","name":"Stator-\/Rotor-Umspritzungen - MATEtronix","isPartOf":{"@id":"https:\/\/mate-tronix.com\/#website"},"primaryImageOfPage":{"@id":"https:\/\/mate-tronix.com\/stator-rotor-umspritzungen\/#primaryimage"},"image":{"@id":"https:\/\/mate-tronix.com\/stator-rotor-umspritzungen\/#primaryimage"},"thumbnailUrl":"https:\/\/mate-tronix.com\/wp-content\/uploads\/2022\/06\/Bobbin.jpg","datePublished":"2022-02-23T13:02:24+00:00","dateModified":"2024-12-18T18:58:28+00:00","breadcrumb":{"@id":"https:\/\/mate-tronix.com\/stator-rotor-umspritzungen\/#breadcrumb"},"inLanguage":"en-US","potentialAction":[{"@type":"ReadAction","target":["https:\/\/mate-tronix.com\/stator-rotor-umspritzungen\/"]}]},{"@type":"ImageObject","inLanguage":"en-US","@id":"https:\/\/mate-tronix.com\/stator-rotor-umspritzungen\/#primaryimage","url":"https:\/\/mate-tronix.com\/wp-content\/uploads\/2022\/06\/Bobbin.jpg","contentUrl":"https:\/\/mate-tronix.com\/wp-content\/uploads\/2022\/06\/Bobbin.jpg"},{"@type":"BreadcrumbList","@id":"https:\/\/mate-tronix.com\/stator-rotor-umspritzungen\/#breadcrumb","itemListElement":[{"@type":"ListItem","position":1,"name":"Startseite","item":"https:\/\/mate-tronix.com\/"},{"@type":"ListItem","position":2,"name":"Stator-\/Rotor-Umspritzungen"}]},{"@type":"WebSite","@id":"https:\/\/mate-tronix.com\/#website","url":"https:\/\/mate-tronix.com\/","name":"Selectrona","description":"","publisher":{"@id":"https:\/\/mate-tronix.com\/#organization"},"potentialAction":[{"@type":"SearchAction","target":{"@type":"EntryPoint","urlTemplate":"https:\/\/mate-tronix.com\/?s={search_term_string}"},"query-input":{"@type":"PropertyValueSpecification","valueRequired":true,"valueName":"search_term_string"}}],"inLanguage":"en-US"},{"@type":"Organization","@id":"https:\/\/mate-tronix.com\/#organization","name":"Selectrona","url":"https:\/\/mate-tronix.com\/","logo":{"@type":"ImageObject","inLanguage":"en-US","@id":"https:\/\/mate-tronix.com\/#\/schema\/logo\/image\/","url":"https:\/\/mate-tronix.com\/wp-content\/uploads\/2024\/12\/logo-matetronix-2915.png","contentUrl":"https:\/\/mate-tronix.com\/wp-content\/uploads\/2024\/12\/logo-matetronix-2915.png","width":2915,"height":761,"caption":"Selectrona"},"image":{"@id":"https:\/\/mate-tronix.com\/#\/schema\/logo\/image\/"}}]}},"_links":{"self":[{"href":"https:\/\/mate-tronix.com\/en\/wp-json\/wp\/v2\/pages\/12161","targetHints":{"allow":["GET"]}}],"collection":[{"href":"https:\/\/mate-tronix.com\/en\/wp-json\/wp\/v2\/pages"}],"about":[{"href":"https:\/\/mate-tronix.com\/en\/wp-json\/wp\/v2\/types\/page"}],"author":[{"embeddable":true,"href":"https:\/\/mate-tronix.com\/en\/wp-json\/wp\/v2\/users\/14"}],"replies":[{"embeddable":true,"href":"https:\/\/mate-tronix.com\/en\/wp-json\/wp\/v2\/comments?post=12161"}],"version-history":[{"count":10,"href":"https:\/\/mate-tronix.com\/en\/wp-json\/wp\/v2\/pages\/12161\/revisions"}],"predecessor-version":[{"id":15396,"href":"https:\/\/mate-tronix.com\/en\/wp-json\/wp\/v2\/pages\/12161\/revisions\/15396"}],"wp:attachment":[{"href":"https:\/\/mate-tronix.com\/en\/wp-json\/wp\/v2\/media?parent=12161"}],"curies":[{"name":"wp","href":"https:\/\/api.w.org\/{rel}","templated":true}]}}