{"id":12323,"date":"2022-03-22T08:50:51","date_gmt":"2022-03-22T07:50:51","guid":{"rendered":"https:\/\/www.selectrona.elbflorenz-marketing.de\/?page_id=12323"},"modified":"2024-12-19T20:47:40","modified_gmt":"2024-12-19T19:47:40","slug":"gender-hinweis","status":"publish","type":"page","link":"https:\/\/mate-tronix.com\/en\/gender-hinweis\/","title":{"rendered":"Gender Note"},"content":{"rendered":"<div data-elementor-type=\"wp-page\" data-elementor-id=\"12323\" class=\"elementor elementor-12323\" data-elementor-post-type=\"page\">\n\t\t\t\t\t\t<section class=\"elementor-section elementor-top-section elementor-element elementor-element-0942793 elementor-section-boxed elementor-section-height-default elementor-section-height-default\" data-id=\"0942793\" data-element_type=\"section\" data-e-type=\"section\">\n\t\t\t\t\t\t<div class=\"elementor-container elementor-column-gap-default\">\n\t\t\t\t\t<div class=\"elementor-column elementor-col-100 elementor-top-column elementor-element elementor-element-1bc6ec0 top column-style-top\" data-id=\"1bc6ec0\" data-element_type=\"column\" data-e-type=\"column\">\n\t\t\t<div class=\"elementor-widget-wrap elementor-element-populated\">\n\t\t\t\t\t\t<div class=\"elementor-element elementor-element-a56c523 elementor-widget elementor-widget-text-editor\" data-id=\"a56c523\" data-element_type=\"widget\" data-e-type=\"widget\" data-widget_type=\"text-editor.default\">\n\t\t\t\t<div class=\"elementor-widget-container\">\n\t\t\t\t\t\t\t\t\t<p>For reasons of better readability, the linguistically common form is used for personal designations and personal nouns on this website. Corresponding terms apply in principle to all genders (m\/f\/d) for the purposes of equal treatment. The abbreviated form of language is for editorial reasons only and therefore does not imply any evaluation.<\/p>\t\t\t\t\t\t\t\t<\/div>\n\t\t\t\t<\/div>\n\t\t\t\t\t<\/div>\n\t\t<\/div>\n\t\t\t\t\t<\/div>\n\t\t<\/section>\n\t\t\t\t<\/div>","protected":false},"excerpt":{"rendered":"<p>For reasons of better readability, the linguistically common form is used for personal designations and personal nouns on this website. Corresponding terms apply in principle to all genders (m\/f\/d) for the purposes of equal treatment. The abbreviated form of language is for editorial reasons only and therefore does not imply any evaluation.<\/p>","protected":false},"author":14,"featured_media":0,"parent":0,"menu_order":0,"comment_status":"closed","ping_status":"closed","template":"","meta":{"footnotes":""},"class_list":["post-12323","page","type-page","status-publish","hentry"],"acf":[],"yoast_head":"<!-- This site is optimized with the Yoast SEO plugin v24.9 - https:\/\/yoast.com\/wordpress\/plugins\/seo\/ -->\n<title>Gender Hinweis - MATEtronix<\/title>\n<meta name=\"robots\" content=\"index, follow, max-snippet:-1, max-image-preview:large, max-video-preview:-1\" \/>\n<link rel=\"canonical\" href=\"https:\/\/mate-tronix.com\/en\/gender-hinweis\/\" \/>\n<meta property=\"og:locale\" content=\"en_US\" \/>\n<meta property=\"og:type\" content=\"article\" \/>\n<meta property=\"og:title\" content=\"Gender Hinweis - MATEtronix\" \/>\n<meta property=\"og:description\" content=\"Aus Gr\u00fcnden der besseren Lesbarkeit wird bei Personenbezeichnungen und personenbezogenen Hauptw\u00f6rtern auf dieser Website die sprachlich g\u00e4ngige Form verwendet. Entsprechende Begriffe gelten im Sinne der Gleichbehandlung grunds\u00e4tzlich f\u00fcr alle Geschlechter (m\/w\/d). Die verk\u00fcrzte Sprachform hat ausschlie\u00dflich redaktionelle Gr\u00fcnde und beinhaltet demzufolge keine Wertung.\" \/>\n<meta property=\"og:url\" content=\"https:\/\/mate-tronix.com\/en\/gender-hinweis\/\" \/>\n<meta property=\"og:site_name\" content=\"MATEtronix\" \/>\n<meta property=\"article:modified_time\" content=\"2024-12-19T19:47:40+00:00\" \/>\n<meta name=\"twitter:card\" content=\"summary_large_image\" \/>\n<meta name=\"twitter:label1\" content=\"Est. reading time\" \/>\n\t<meta name=\"twitter:data1\" content=\"1 minute\" \/>\n<!-- \/ Yoast SEO plugin. -->","yoast_head_json":{"title":"Gender Hinweis - MATEtronix","robots":{"index":"index","follow":"follow","max-snippet":"max-snippet:-1","max-image-preview":"max-image-preview:large","max-video-preview":"max-video-preview:-1"},"canonical":"https:\/\/mate-tronix.com\/en\/gender-hinweis\/","og_locale":"en_US","og_type":"article","og_title":"Gender Hinweis - MATEtronix","og_description":"Aus Gr\u00fcnden der besseren Lesbarkeit wird bei Personenbezeichnungen und personenbezogenen Hauptw\u00f6rtern auf dieser Website die sprachlich g\u00e4ngige Form verwendet. Entsprechende Begriffe gelten im Sinne der Gleichbehandlung grunds\u00e4tzlich f\u00fcr alle Geschlechter (m\/w\/d). Die verk\u00fcrzte Sprachform hat ausschlie\u00dflich redaktionelle Gr\u00fcnde und beinhaltet demzufolge keine Wertung.","og_url":"https:\/\/mate-tronix.com\/en\/gender-hinweis\/","og_site_name":"MATEtronix","article_modified_time":"2024-12-19T19:47:40+00:00","twitter_card":"summary_large_image","twitter_misc":{"Est. reading time":"1 minute"},"schema":{"@context":"https:\/\/schema.org","@graph":[{"@type":"WebPage","@id":"https:\/\/mate-tronix.com\/gender-hinweis\/","url":"https:\/\/mate-tronix.com\/gender-hinweis\/","name":"Gender Hinweis - MATEtronix","isPartOf":{"@id":"https:\/\/mate-tronix.com\/#website"},"datePublished":"2022-03-22T07:50:51+00:00","dateModified":"2024-12-19T19:47:40+00:00","breadcrumb":{"@id":"https:\/\/mate-tronix.com\/gender-hinweis\/#breadcrumb"},"inLanguage":"en-US","potentialAction":[{"@type":"ReadAction","target":["https:\/\/mate-tronix.com\/gender-hinweis\/"]}]},{"@type":"BreadcrumbList","@id":"https:\/\/mate-tronix.com\/gender-hinweis\/#breadcrumb","itemListElement":[{"@type":"ListItem","position":1,"name":"Startseite","item":"https:\/\/mate-tronix.com\/"},{"@type":"ListItem","position":2,"name":"Gender Hinweis"}]},{"@type":"WebSite","@id":"https:\/\/mate-tronix.com\/#website","url":"https:\/\/mate-tronix.com\/","name":"Selectrona","description":"","publisher":{"@id":"https:\/\/mate-tronix.com\/#organization"},"potentialAction":[{"@type":"SearchAction","target":{"@type":"EntryPoint","urlTemplate":"https:\/\/mate-tronix.com\/?s={search_term_string}"},"query-input":{"@type":"PropertyValueSpecification","valueRequired":true,"valueName":"search_term_string"}}],"inLanguage":"en-US"},{"@type":"Organization","@id":"https:\/\/mate-tronix.com\/#organization","name":"Selectrona","url":"https:\/\/mate-tronix.com\/","logo":{"@type":"ImageObject","inLanguage":"en-US","@id":"https:\/\/mate-tronix.com\/#\/schema\/logo\/image\/","url":"https:\/\/mate-tronix.com\/wp-content\/uploads\/2024\/12\/logo-matetronix-2915.png","contentUrl":"https:\/\/mate-tronix.com\/wp-content\/uploads\/2024\/12\/logo-matetronix-2915.png","width":2915,"height":761,"caption":"Selectrona"},"image":{"@id":"https:\/\/mate-tronix.com\/#\/schema\/logo\/image\/"}}]}},"_links":{"self":[{"href":"https:\/\/mate-tronix.com\/en\/wp-json\/wp\/v2\/pages\/12323","targetHints":{"allow":["GET"]}}],"collection":[{"href":"https:\/\/mate-tronix.com\/en\/wp-json\/wp\/v2\/pages"}],"about":[{"href":"https:\/\/mate-tronix.com\/en\/wp-json\/wp\/v2\/types\/page"}],"author":[{"embeddable":true,"href":"https:\/\/mate-tronix.com\/en\/wp-json\/wp\/v2\/users\/14"}],"replies":[{"embeddable":true,"href":"https:\/\/mate-tronix.com\/en\/wp-json\/wp\/v2\/comments?post=12323"}],"version-history":[{"count":8,"href":"https:\/\/mate-tronix.com\/en\/wp-json\/wp\/v2\/pages\/12323\/revisions"}],"predecessor-version":[{"id":15759,"href":"https:\/\/mate-tronix.com\/en\/wp-json\/wp\/v2\/pages\/12323\/revisions\/15759"}],"wp:attachment":[{"href":"https:\/\/mate-tronix.com\/en\/wp-json\/wp\/v2\/media?parent=12323"}],"curies":[{"name":"wp","href":"https:\/\/api.w.org\/{rel}","templated":true}]}}