{"id":12920,"date":"2022-05-20T10:54:20","date_gmt":"2022-05-20T08:54:20","guid":{"rendered":"https:\/\/www.selectrona.elbflorenz-marketing.de\/?page_id=12920"},"modified":"2025-03-12T07:30:41","modified_gmt":"2025-03-12T06:30:41","slug":"werkzeugbau-und-instandhaltung","status":"publish","type":"page","link":"https:\/\/mate-tronix.com\/en\/werkzeugbau-und-instandhaltung\/","title":{"rendered":"Toolmaking and maintenance"},"content":{"rendered":"<div data-elementor-type=\"wp-page\" data-elementor-id=\"12920\" class=\"elementor elementor-12920\" data-elementor-post-type=\"page\">\n\t\t\t\t\t\t<section class=\"elementor-section elementor-top-section elementor-element elementor-element-5caedc4a elementor-section-boxed elementor-section-height-default elementor-section-height-default\" data-id=\"5caedc4a\" data-element_type=\"section\" data-e-type=\"section\">\n\t\t\t\t\t\t<div class=\"elementor-container elementor-column-gap-default\">\n\t\t\t\t\t<div class=\"elementor-column elementor-col-100 elementor-top-column elementor-element elementor-element-36ce0ee4 top column-style-top\" data-id=\"36ce0ee4\" data-element_type=\"column\" data-e-type=\"column\">\n\t\t\t<div class=\"elementor-widget-wrap elementor-element-populated\">\n\t\t\t\t\t\t<div class=\"elementor-element elementor-element-2b1e460c elementor-widget elementor-widget-spacer\" data-id=\"2b1e460c\" data-element_type=\"widget\" data-e-type=\"widget\" data-widget_type=\"spacer.default\">\n\t\t\t\t<div class=\"elementor-widget-container\">\n\t\t\t\t\t\t\t<div class=\"elementor-spacer\">\n\t\t\t<div class=\"elementor-spacer-inner\"><\/div>\n\t\t<\/div>\n\t\t\t\t\t\t<\/div>\n\t\t\t\t<\/div>\n\t\t\t\t<div class=\"elementor-element elementor-element-65ab45d3 elementor-widget elementor-widget-gva-text-arrow\" data-id=\"65ab45d3\" data-element_type=\"widget\" data-e-type=\"widget\" data-widget_type=\"gva-text-arrow.default\">\n\t\t\t\t<div class=\"elementor-widget-container\">\n\t\t\t\t\t<div class=\"gva-element-gva-text-arrow gva-element\">\r\n<div class=\"gva-text-arrow style-1\">\r\n   <div class=\"content-inner\">\r\n      <h3 class=\"title\">\r\n                                 <span><h2>Toolmaking and maintenance <\/h2><\/span>\r\n                <\/h3>\r\n               <div class=\"descrption\">We achieve the highest precision - thanks to our highly practically trained specialists, decades of experience and high-tech equipment. From manufacturing and correction to final assembly and maintenance, everything is done in-house at Selectrona.\n\n<h4> Machine park <\/h4>\nProduction of individual mold parts to complete molds for plastic injection molding and stamping processes.<\/div>\r\n         <\/div>   \r\n<\/div>\r\n<\/div>\t\t\t\t<\/div>\n\t\t\t\t<\/div>\n\t\t\t\t<div class=\"elementor-element elementor-element-9efef16 elementor-widget elementor-widget-spacer\" data-id=\"9efef16\" data-element_type=\"widget\" data-e-type=\"widget\" data-widget_type=\"spacer.default\">\n\t\t\t\t<div class=\"elementor-widget-container\">\n\t\t\t\t\t\t\t<div class=\"elementor-spacer\">\n\t\t\t<div class=\"elementor-spacer-inner\"><\/div>\n\t\t<\/div>\n\t\t\t\t\t\t<\/div>\n\t\t\t\t<\/div>\n\t\t\t\t\t<\/div>\n\t\t<\/div>\n\t\t\t\t\t<\/div>\n\t\t<\/section>\n\t\t\t\t<section class=\"elementor-section elementor-top-section elementor-element elementor-element-c3614c elementor-section-boxed elementor-section-height-default elementor-section-height-default\" data-id=\"c3614c\" data-element_type=\"section\" data-e-type=\"section\">\n\t\t\t\t\t\t<div class=\"elementor-container elementor-column-gap-default\">\n\t\t\t\t\t<div class=\"elementor-column elementor-col-100 elementor-top-column elementor-element elementor-element-50bc7471 top column-style-top\" data-id=\"50bc7471\" data-element_type=\"column\" data-e-type=\"column\">\n\t\t\t<div class=\"elementor-widget-wrap elementor-element-populated\">\n\t\t\t\t\t\t<div class=\"elementor-element elementor-element-4f99ef01 elementor-widget elementor-widget-text-editor\" data-id=\"4f99ef01\" data-element_type=\"widget\" data-e-type=\"widget\" data-widget_type=\"text-editor.default\">\n\t\t\t\t<div class=\"elementor-widget-container\">\n\t\t\t\t\t\t\t\t\t<h4 style=\"padding-left: 40px;\"><strong>CNC Milling\n<\/strong><\/h4>\n<ul>\n \t<li style=\"list-style-type: none;\">\n<ul class=\"feature-list\">\n \t<li>5-Achs-Fr\u00e4szentrum R\u00f6ders Tec HSC RXP 501 DS incl. Automation <\/li>\n \t<li>5-Achs-HSC-Fr\u00e4szentrum R\u00f6ders Tec RXP 601 DSH incl. Automation<\/li>\n \t<li>Milling machine Hermle C600V<\/li>\n \t<li>Milling machine Hermle C800V<\/li>\n \t<li>Fehlmann milling machine Picomax P 60 CNC<\/li>\n \t<li>Fehlmann milling machine Picomax P 60 CNC<\/li>\n \t<li>Fehlmann milling machine Picomax P 54<\/li>\n<\/ul>\n<\/li>\n<\/ul>\n\n<hr style=\"border-color: #a32c1e;\" \/>\t\t\t\t\t\t\t\t<\/div>\n\t\t\t\t<\/div>\n\t\t\t\t<div class=\"elementor-element elementor-element-27bbb85 elementor-widget elementor-widget-text-editor\" data-id=\"27bbb85\" data-element_type=\"widget\" data-e-type=\"widget\" data-widget_type=\"text-editor.default\">\n\t\t\t\t<div class=\"elementor-widget-container\">\n\t\t\t\t\t\t\t\t\t<h4 style=\"padding-left: 40px;\"><strong>Wire cutting\n<\/strong><\/h4>\n<ul>\n \t<li style=\"list-style-type: none;\">\n<ul class=\"feature-list\">\n\n<li>Drahterodiermaschine AgieCharmilles CUT P 550 Pro<\/li>\n\n<li>AGIECUT EXCELLENCE 2F eCut wire-cutting machine<\/li>\n \t<li>Drahterodiermaschine AGIECUT Challenge V3<\/li>\n\n<li>Drahterodierbohrmaschine Huber River 300<\/li>\n<\/ul>\n<\/li>\n<\/ul>\n\n<hr style=\"border-color: #a32c1e;\" \/>\t\t\t\t\t\t\t\t<\/div>\n\t\t\t\t<\/div>\n\t\t\t\t<div class=\"elementor-element elementor-element-b8d845d elementor-widget elementor-widget-text-editor\" data-id=\"b8d845d\" data-element_type=\"widget\" data-e-type=\"widget\" data-widget_type=\"text-editor.default\">\n\t\t\t\t<div class=\"elementor-widget-container\">\n\t\t\t\t\t\t\t\t\t<h4 style=\"padding-left: 40px;\"><strong>Die sinking\n<\/strong><\/h4>\n<ul>\n \t<li style=\"list-style-type: none;\">\n<ul class=\"feature-list\">\n \t<li>\tSenkerodierzentrum OPS Ingersoll Gantry Eagle 400 inkl. Automation<\/li>\n \t<li>Senkerodiermaschine OPS Ingersoll Gantry 800<\/li>\n \t<li>Messtisch Erowa PreSet 3D CNC<\/li>\n<\/ul>\n<\/li>\n<\/ul>\n\n<hr style=\"border-color: #a32c1e;\" \/>\t\t\t\t\t\t\t\t<\/div>\n\t\t\t\t<\/div>\n\t\t\t\t<div class=\"elementor-element elementor-element-6475969 elementor-widget elementor-widget-text-editor\" data-id=\"6475969\" data-element_type=\"widget\" data-e-type=\"widget\" data-widget_type=\"text-editor.default\">\n\t\t\t\t<div class=\"elementor-widget-container\">\n\t\t\t\t\t\t\t\t\t<h4 style=\"padding-left: 40px;\"><strong>Ribbons\n<\/strong><\/h4>\n<ul>\n \t<li style=\"list-style-type: none;\">\n<ul class=\"feature-list\">\n \t<li>Profile grinding machine Jung J630D+JCE+PA3<\/li>\n \t<li>Profile grinding machine Jung J630D+JCE+PA3<\/li>\n \t<li>Profile grinding machine Jung JF 525<\/li>\n \t \t<li>Surface grinding machine Jung JF 525<\/li>\n \t<li>Surface grinding machine Jung JF 525<\/li>\n \t\n<li>Profile grinding machine Jung JF 420<\/li>\n\n<li>Surface grinding machine Jung JF 415 E-1<\/li>\n<\/ul>\n<\/li>\n<\/ul>\n\n<hr style=\"border-color: #a32c1e;\" \/>\t\t\t\t\t\t\t\t<\/div>\n\t\t\t\t<\/div>\n\t\t\t\t<div class=\"elementor-element elementor-element-b6b55eb elementor-widget elementor-widget-text-editor\" data-id=\"b6b55eb\" data-element_type=\"widget\" data-e-type=\"widget\" data-widget_type=\"text-editor.default\">\n\t\t\t\t<div class=\"elementor-widget-container\">\n\t\t\t\t\t\t\t\t\t<h4 style=\"padding-left: 40px;\"><strong>Engraving<br \/><\/strong><\/h4><ul><li style=\"list-style-type: none;\"><ul class=\"feature-list\"><li>Trumpf TruMark Station 5000 marking laser<\/li><\/ul><\/li><\/ul><hr style=\"border-color: #a32c1e;\" \/>\t\t\t\t\t\t\t\t<\/div>\n\t\t\t\t<\/div>\n\t\t\t\t<div class=\"elementor-element elementor-element-758f1a6a elementor-widget elementor-widget-text-editor\" data-id=\"758f1a6a\" data-element_type=\"widget\" data-e-type=\"widget\" data-widget_type=\"text-editor.default\">\n\t\t\t\t<div class=\"elementor-widget-container\">\n\t\t\t\t\t\t\t\t\t<h4>Tool repair and maintenance<\/h4><ul class=\"feature-list\"><li>Dry-ice blasting<\/li><li>Laser welding<\/li><li>Maintenance management with PDA\/MDA software<\/li><\/ul><hr style=\"border-color: #a32c1e;\" \/>\t\t\t\t\t\t\t\t<\/div>\n\t\t\t\t<\/div>\n\t\t\t\t<div class=\"elementor-element elementor-element-4b62ae6a elementor-widget elementor-widget-spacer\" data-id=\"4b62ae6a\" data-element_type=\"widget\" data-e-type=\"widget\" data-widget_type=\"spacer.default\">\n\t\t\t\t<div class=\"elementor-widget-container\">\n\t\t\t\t\t\t\t<div class=\"elementor-spacer\">\n\t\t\t<div class=\"elementor-spacer-inner\"><\/div>\n\t\t<\/div>\n\t\t\t\t\t\t<\/div>\n\t\t\t\t<\/div>\n\t\t\t\t<div class=\"elementor-element elementor-element-7076722b custom-img-lightbox elementor-hidden-desktop elementor-hidden-tablet elementor-hidden-mobile elementor-arrows-position-inside elementor-pagination-position-outside elementor-widget elementor-widget-image-carousel\" data-id=\"7076722b\" data-element_type=\"widget\" data-e-type=\"widget\" data-settings=\"{&quot;navigation&quot;:&quot;both&quot;,&quot;autoplay&quot;:&quot;yes&quot;,&quot;pause_on_hover&quot;:&quot;yes&quot;,&quot;pause_on_interaction&quot;:&quot;yes&quot;,&quot;autoplay_speed&quot;:5000,&quot;infinite&quot;:&quot;yes&quot;,&quot;speed&quot;:500}\" data-widget_type=\"image-carousel.default\">\n\t\t\t\t<div class=\"elementor-widget-container\">\n\t\t\t\t\t\t\t<div class=\"elementor-image-carousel-wrapper swiper\" role=\"region\" aria-roledescription=\"carousel\" aria-label=\"Bild Karussell\" dir=\"ltr\">\n\t\t\t<div class=\"elementor-image-carousel swiper-wrapper\" aria-live=\"off\">\n\t\t\t\t\t\t\t\t<div class=\"swiper-slide\" role=\"group\" aria-roledescription=\"slide\" aria-label=\"1 von 3\"><a data-elementor-open-lightbox=\"yes\" data-elementor-lightbox-slideshow=\"7076722b\" data-elementor-lightbox-title=\"Kabelunspritzungen2\" data-e-action-hash=\"#elementor-action%3Aaction%3Dlightbox%26settings%3DeyJpZCI6MTE1MjcsInVybCI6Imh0dHBzOlwvXC9tYXRlLXRyb25peC5jb21cL3dwLWNvbnRlbnRcL3VwbG9hZHNcLzIwMjJcLzAxXC9LYWJlbHVuc3ByaXR6dW5nZW4yLmpwZyIsInNsaWRlc2hvdyI6IjcwNzY3MjJiIn0%3D\" href=\"https:\/\/mate-tronix.com\/wp-content\/uploads\/2017\/05\/Bildschirmfoto-2022-02-18-um-12.18.54.png\"><figure class=\"swiper-slide-inner\"><img decoding=\"async\" class=\"swiper-slide-image\" src=\"https:\/\/mate-tronix.com\/wp-content\/uploads\/2022\/01\/Kabelunspritzungen2.jpg\" alt=\"Kabelunspritzungen2\" \/><\/figure><\/a><\/div><div class=\"swiper-slide\" role=\"group\" aria-roledescription=\"slide\" aria-label=\"2 von 3\"><a data-elementor-open-lightbox=\"yes\" data-elementor-lightbox-slideshow=\"7076722b\" data-elementor-lightbox-title=\"Kabelunspritzungen\" data-e-action-hash=\"#elementor-action%3Aaction%3Dlightbox%26settings%3DeyJpZCI6MTE1MjUsInVybCI6Imh0dHBzOlwvXC9tYXRlLXRyb25peC5jb21cL3dwLWNvbnRlbnRcL3VwbG9hZHNcLzIwMjJcLzAxXC9LYWJlbHVuc3ByaXR6dW5nZW4uanBnIiwic2xpZGVzaG93IjoiNzA3NjcyMmIifQ%3D%3D\" href=\"https:\/\/mate-tronix.com\/wp-content\/uploads\/2017\/05\/Bildschirmfoto-2022-02-18-um-12.18.54.png\"><figure class=\"swiper-slide-inner\"><img decoding=\"async\" class=\"swiper-slide-image\" src=\"https:\/\/mate-tronix.com\/wp-content\/uploads\/2022\/01\/Kabelunspritzungen.jpg\" alt=\"Kabelunspritzungen\" \/><\/figure><\/a><\/div><div class=\"swiper-slide\" role=\"group\" aria-roledescription=\"slide\" aria-label=\"3 von 3\"><a data-elementor-open-lightbox=\"yes\" data-elementor-lightbox-slideshow=\"7076722b\" data-elementor-lightbox-title=\"Kabelunspritzungen1\" data-e-action-hash=\"#elementor-action%3Aaction%3Dlightbox%26settings%3DeyJpZCI6MTE1MjYsInVybCI6Imh0dHBzOlwvXC9tYXRlLXRyb25peC5jb21cL3dwLWNvbnRlbnRcL3VwbG9hZHNcLzIwMjJcLzAxXC9LYWJlbHVuc3ByaXR6dW5nZW4xLmpwZyIsInNsaWRlc2hvdyI6IjcwNzY3MjJiIn0%3D\" href=\"https:\/\/mate-tronix.com\/wp-content\/uploads\/2017\/05\/Bildschirmfoto-2022-02-18-um-12.18.54.png\"><figure class=\"swiper-slide-inner\"><img decoding=\"async\" class=\"swiper-slide-image\" src=\"https:\/\/mate-tronix.com\/wp-content\/uploads\/2022\/01\/Kabelunspritzungen1.jpg\" alt=\"Kabelunspritzungen1\" \/><\/figure><\/a><\/div>\t\t\t<\/div>\n\t\t\t\t\t\t\t\t\t\t\t\t<div class=\"elementor-swiper-button elementor-swiper-button-prev\" role=\"button\" tabindex=\"0\">\n\t\t\t\t\t\t<i aria-hidden=\"true\" class=\"eicon-chevron-left\"><\/i>\t\t\t\t\t<\/div>\n\t\t\t\t\t<div class=\"elementor-swiper-button elementor-swiper-button-next\" role=\"button\" tabindex=\"0\">\n\t\t\t\t\t\t<i aria-hidden=\"true\" class=\"eicon-chevron-right\"><\/i>\t\t\t\t\t<\/div>\n\t\t\t\t\n\t\t\t\t\t\t\t\t\t<div class=\"swiper-pagination\"><\/div>\n\t\t\t\t\t\t\t\t\t<\/div>\n\t\t\t\t\t\t<\/div>\n\t\t\t\t<\/div>\n\t\t\t\t<div class=\"elementor-element elementor-element-5941b7d3 elementor-widget elementor-widget-spacer\" data-id=\"5941b7d3\" data-element_type=\"widget\" data-e-type=\"widget\" data-widget_type=\"spacer.default\">\n\t\t\t\t<div class=\"elementor-widget-container\">\n\t\t\t\t\t\t\t<div class=\"elementor-spacer\">\n\t\t\t<div class=\"elementor-spacer-inner\"><\/div>\n\t\t<\/div>\n\t\t\t\t\t\t<\/div>\n\t\t\t\t<\/div>\n\t\t\t\t\t<\/div>\n\t\t<\/div>\n\t\t\t\t\t<\/div>\n\t\t<\/section>\n\t\t\t\t<\/div>","protected":false},"excerpt":{"rendered":"<p>Werkzeugbau und -instandhaltung Wir erreichen h\u00f6chste Pr\u00e4zision \u2013 dank unserer sehr praxisnah ausgebildeten Fachkr\u00e4fte, jahrzehntelanger Erfahrung sowie der Hochtechnologie-Anlagen. Von der Herstellung \u00fcber die Korrektur bis zur Endmontage und Instandhaltung erfolgt alles In-House bei Selectrona. Maschinenpark Herstellung von einzelnen Werkzeugteilen bis hin zu kompletten Werkzeugen f\u00fcr Kunststoffspritzguss- und Stanzprozesse. CNC Fr\u00e4sen 5-Achs-Fr\u00e4szentrum R\u00f6ders Tec HSC [&hellip;]<\/p>","protected":false},"author":14,"featured_media":0,"parent":0,"menu_order":0,"comment_status":"closed","ping_status":"closed","template":"","meta":{"footnotes":""},"class_list":["post-12920","page","type-page","status-publish","hentry"],"acf":[],"yoast_head":"<!-- This site is optimized with the Yoast SEO plugin v24.9 - https:\/\/yoast.com\/wordpress\/plugins\/seo\/ -->\n<title>Werkzeugbau und -instandhaltung - MATEtronix<\/title>\n<meta name=\"robots\" content=\"index, follow, max-snippet:-1, max-image-preview:large, max-video-preview:-1\" \/>\n<link rel=\"canonical\" href=\"https:\/\/mate-tronix.com\/en\/werkzeugbau-und-instandhaltung\/\" \/>\n<meta property=\"og:locale\" content=\"en_US\" \/>\n<meta property=\"og:type\" content=\"article\" \/>\n<meta property=\"og:title\" content=\"Werkzeugbau und -instandhaltung - MATEtronix\" \/>\n<meta property=\"og:description\" content=\"Werkzeugbau und -instandhaltung Wir erreichen h\u00f6chste Pr\u00e4zision \u2013 dank unserer sehr praxisnah ausgebildeten Fachkr\u00e4fte, jahrzehntelanger Erfahrung sowie der Hochtechnologie-Anlagen. Von der Herstellung \u00fcber die Korrektur bis zur Endmontage und Instandhaltung erfolgt alles In-House bei Selectrona. Maschinenpark Herstellung von einzelnen Werkzeugteilen bis hin zu kompletten Werkzeugen f\u00fcr Kunststoffspritzguss- und Stanzprozesse. CNC Fr\u00e4sen 5-Achs-Fr\u00e4szentrum R\u00f6ders Tec HSC [&hellip;]\" \/>\n<meta property=\"og:url\" content=\"https:\/\/mate-tronix.com\/en\/werkzeugbau-und-instandhaltung\/\" \/>\n<meta property=\"og:site_name\" content=\"MATEtronix\" \/>\n<meta property=\"article:modified_time\" content=\"2025-03-12T06:30:41+00:00\" \/>\n<meta property=\"og:image\" content=\"https:\/\/mate-tronix.com\/wp-content\/uploads\/2022\/01\/Kabelunspritzungen2.jpg\" \/>\n<meta name=\"twitter:card\" content=\"summary_large_image\" \/>\n<meta name=\"twitter:label1\" content=\"Est. reading time\" \/>\n\t<meta name=\"twitter:data1\" content=\"3 minutes\" \/>\n<!-- \/ Yoast SEO plugin. -->","yoast_head_json":{"title":"Werkzeugbau und -instandhaltung - MATEtronix","robots":{"index":"index","follow":"follow","max-snippet":"max-snippet:-1","max-image-preview":"max-image-preview:large","max-video-preview":"max-video-preview:-1"},"canonical":"https:\/\/mate-tronix.com\/en\/werkzeugbau-und-instandhaltung\/","og_locale":"en_US","og_type":"article","og_title":"Werkzeugbau und -instandhaltung - MATEtronix","og_description":"Werkzeugbau und -instandhaltung Wir erreichen h\u00f6chste Pr\u00e4zision \u2013 dank unserer sehr praxisnah ausgebildeten Fachkr\u00e4fte, jahrzehntelanger Erfahrung sowie der Hochtechnologie-Anlagen. Von der Herstellung \u00fcber die Korrektur bis zur Endmontage und Instandhaltung erfolgt alles In-House bei Selectrona. Maschinenpark Herstellung von einzelnen Werkzeugteilen bis hin zu kompletten Werkzeugen f\u00fcr Kunststoffspritzguss- und Stanzprozesse. CNC Fr\u00e4sen 5-Achs-Fr\u00e4szentrum R\u00f6ders Tec HSC [&hellip;]","og_url":"https:\/\/mate-tronix.com\/en\/werkzeugbau-und-instandhaltung\/","og_site_name":"MATEtronix","article_modified_time":"2025-03-12T06:30:41+00:00","og_image":[{"url":"https:\/\/mate-tronix.com\/wp-content\/uploads\/2022\/01\/Kabelunspritzungen2.jpg","type":"","width":"","height":""}],"twitter_card":"summary_large_image","twitter_misc":{"Est. reading time":"3 minutes"},"schema":{"@context":"https:\/\/schema.org","@graph":[{"@type":"WebPage","@id":"https:\/\/mate-tronix.com\/werkzeugbau-und-instandhaltung\/","url":"https:\/\/mate-tronix.com\/werkzeugbau-und-instandhaltung\/","name":"Werkzeugbau und -instandhaltung - MATEtronix","isPartOf":{"@id":"https:\/\/mate-tronix.com\/#website"},"primaryImageOfPage":{"@id":"https:\/\/mate-tronix.com\/werkzeugbau-und-instandhaltung\/#primaryimage"},"image":{"@id":"https:\/\/mate-tronix.com\/werkzeugbau-und-instandhaltung\/#primaryimage"},"thumbnailUrl":"https:\/\/mate-tronix.com\/wp-content\/uploads\/2022\/01\/Kabelunspritzungen2.jpg","datePublished":"2022-05-20T08:54:20+00:00","dateModified":"2025-03-12T06:30:41+00:00","breadcrumb":{"@id":"https:\/\/mate-tronix.com\/werkzeugbau-und-instandhaltung\/#breadcrumb"},"inLanguage":"en-US","potentialAction":[{"@type":"ReadAction","target":["https:\/\/mate-tronix.com\/werkzeugbau-und-instandhaltung\/"]}]},{"@type":"ImageObject","inLanguage":"en-US","@id":"https:\/\/mate-tronix.com\/werkzeugbau-und-instandhaltung\/#primaryimage","url":"https:\/\/mate-tronix.com\/wp-content\/uploads\/2022\/01\/Kabelunspritzungen2.jpg","contentUrl":"https:\/\/mate-tronix.com\/wp-content\/uploads\/2022\/01\/Kabelunspritzungen2.jpg"},{"@type":"BreadcrumbList","@id":"https:\/\/mate-tronix.com\/werkzeugbau-und-instandhaltung\/#breadcrumb","itemListElement":[{"@type":"ListItem","position":1,"name":"Startseite","item":"https:\/\/mate-tronix.com\/"},{"@type":"ListItem","position":2,"name":"Werkzeugbau und -instandhaltung"}]},{"@type":"WebSite","@id":"https:\/\/mate-tronix.com\/#website","url":"https:\/\/mate-tronix.com\/","name":"Selectrona","description":"","publisher":{"@id":"https:\/\/mate-tronix.com\/#organization"},"potentialAction":[{"@type":"SearchAction","target":{"@type":"EntryPoint","urlTemplate":"https:\/\/mate-tronix.com\/?s={search_term_string}"},"query-input":{"@type":"PropertyValueSpecification","valueRequired":true,"valueName":"search_term_string"}}],"inLanguage":"en-US"},{"@type":"Organization","@id":"https:\/\/mate-tronix.com\/#organization","name":"Selectrona","url":"https:\/\/mate-tronix.com\/","logo":{"@type":"ImageObject","inLanguage":"en-US","@id":"https:\/\/mate-tronix.com\/#\/schema\/logo\/image\/","url":"https:\/\/mate-tronix.com\/wp-content\/uploads\/2024\/12\/logo-matetronix-2915.png","contentUrl":"https:\/\/mate-tronix.com\/wp-content\/uploads\/2024\/12\/logo-matetronix-2915.png","width":2915,"height":761,"caption":"Selectrona"},"image":{"@id":"https:\/\/mate-tronix.com\/#\/schema\/logo\/image\/"}}]}},"_links":{"self":[{"href":"https:\/\/mate-tronix.com\/en\/wp-json\/wp\/v2\/pages\/12920","targetHints":{"allow":["GET"]}}],"collection":[{"href":"https:\/\/mate-tronix.com\/en\/wp-json\/wp\/v2\/pages"}],"about":[{"href":"https:\/\/mate-tronix.com\/en\/wp-json\/wp\/v2\/types\/page"}],"author":[{"embeddable":true,"href":"https:\/\/mate-tronix.com\/en\/wp-json\/wp\/v2\/users\/14"}],"replies":[{"embeddable":true,"href":"https:\/\/mate-tronix.com\/en\/wp-json\/wp\/v2\/comments?post=12920"}],"version-history":[{"count":10,"href":"https:\/\/mate-tronix.com\/en\/wp-json\/wp\/v2\/pages\/12920\/revisions"}],"predecessor-version":[{"id":16183,"href":"https:\/\/mate-tronix.com\/en\/wp-json\/wp\/v2\/pages\/12920\/revisions\/16183"}],"wp:attachment":[{"href":"https:\/\/mate-tronix.com\/en\/wp-json\/wp\/v2\/media?parent=12920"}],"curies":[{"name":"wp","href":"https:\/\/api.w.org\/{rel}","templated":true}]}}