{"id":14711,"date":"2024-12-19T20:46:16","date_gmt":"2024-12-19T19:46:16","guid":{"rendered":"https:\/\/mate-tronix.com\/?page_id=14711"},"modified":"2024-12-19T20:46:17","modified_gmt":"2024-12-19T19:46:17","slug":"agb","status":"publish","type":"page","link":"https:\/\/mate-tronix.com\/en\/agb\/","title":{"rendered":"GTC"},"content":{"rendered":"<div data-elementor-type=\"wp-page\" data-elementor-id=\"14711\" class=\"elementor elementor-14711\" data-elementor-post-type=\"page\">\n\t\t\t\t\t\t<section class=\"elementor-section elementor-top-section elementor-element elementor-element-98682a3 elementor-section-boxed elementor-section-height-default elementor-section-height-default\" data-id=\"98682a3\" data-element_type=\"section\" data-e-type=\"section\">\n\t\t\t\t\t\t<div class=\"elementor-container elementor-column-gap-default\">\n\t\t\t\t\t<div class=\"elementor-column elementor-col-100 elementor-top-column elementor-element elementor-element-a1939a4 top column-style-top\" data-id=\"a1939a4\" data-element_type=\"column\" data-e-type=\"column\">\n\t\t\t<div class=\"elementor-widget-wrap elementor-element-populated\">\n\t\t\t\t\t\t<div class=\"elementor-element elementor-element-b87a758 elementor-widget elementor-widget-text-editor\" data-id=\"b87a758\" data-element_type=\"widget\" data-e-type=\"widget\" data-widget_type=\"text-editor.default\">\n\t\t\t\t<div class=\"elementor-widget-container\">\n\t\t\t\t\t\t\t\t\t<p style=\"font-weight: 400;\">Here we provide you with our GTC and other agreements and documents.<\/p>\n<p style=\"font-weight: 400;\"><a href=\"https:\/\/mate-tronix.com\/wp-content\/uploads\/2023\/01\/GTC-Selectrona-GmbH.pdf\" target=\"_blank\" rel=\"noopener\">General Terms and Conditions <\/a><\/p>\n<p><a href=\"https:\/\/mate-tronix.com\/wp-content\/uploads\/2023\/04\/FB-29.00.006.E_ENG.pdf\" target=\"_blank\" rel=\"noopener\">Non-disclosure Agreement<\/a><a href=\"https:\/\/mate-tronix.com\/wp-content\/uploads\/2023\/04\/FB-29.00.006.E_ENG.pdf\" target=\"_blank\" rel=\"noopener\"><br><\/a><\/p>\n<p><a href=\"https:\/\/mate-tronix.com\/wp-content\/uploads\/2023\/04\/FB-29.01.003.E_ENG.pdf\" target=\"_blank\" rel=\"noopener\">Supplier Assessment Questionnaire for Self-Assessment<\/a><br><\/p>\n<p><a href=\"https:\/\/mate-tronix.com\/wp-content\/uploads\/2023\/04\/FB-29.00.003.E_ENG.pdf\" target=\"_blank\" rel=\"noopener\">Quality Assurance Agreement<\/a><\/p>\t\t\t\t\t\t\t\t<\/div>\n\t\t\t\t<\/div>\n\t\t\t\t\t<\/div>\n\t\t<\/div>\n\t\t\t\t\t<\/div>\n\t\t<\/section>\n\t\t\t\t<\/div>","protected":false},"excerpt":{"rendered":"<p>Hier stellen wir Ihnen unsere AGB sowie weitere Vereinbarungen und Dokumente zur Verf\u00fcgung. Allgemeine Gesch\u00e4ftsbedingungen Geheimhaltungsverpflichtung Lieferanten-Selbstbeurteilungsfragebogen Qualit\u00e4tssicherungsvereinbarung<\/p>","protected":false},"author":14,"featured_media":0,"parent":0,"menu_order":0,"comment_status":"closed","ping_status":"closed","template":"","meta":{"footnotes":""},"class_list":["post-14711","page","type-page","status-publish","hentry"],"acf":[],"yoast_head":"<!-- This site is optimized with the Yoast SEO plugin v24.9 - https:\/\/yoast.com\/wordpress\/plugins\/seo\/ -->\n<title>AGB - MATEtronix<\/title>\n<meta name=\"robots\" content=\"index, follow, max-snippet:-1, max-image-preview:large, max-video-preview:-1\" \/>\n<link rel=\"canonical\" href=\"https:\/\/mate-tronix.com\/en\/agb\/\" \/>\n<meta property=\"og:locale\" content=\"en_US\" \/>\n<meta property=\"og:type\" content=\"article\" \/>\n<meta property=\"og:title\" content=\"AGB - MATEtronix\" \/>\n<meta property=\"og:description\" content=\"Hier stellen wir Ihnen unsere AGB sowie weitere Vereinbarungen und Dokumente zur Verf\u00fcgung. Allgemeine Gesch\u00e4ftsbedingungen Geheimhaltungsverpflichtung Lieferanten-Selbstbeurteilungsfragebogen Qualit\u00e4tssicherungsvereinbarung\" \/>\n<meta property=\"og:url\" content=\"https:\/\/mate-tronix.com\/en\/agb\/\" \/>\n<meta property=\"og:site_name\" content=\"MATEtronix\" \/>\n<meta property=\"article:modified_time\" content=\"2024-12-19T19:46:17+00:00\" \/>\n<meta name=\"twitter:card\" content=\"summary_large_image\" \/>\n<meta name=\"twitter:label1\" content=\"Est. reading time\" \/>\n\t<meta name=\"twitter:data1\" content=\"1 minute\" \/>\n<!-- \/ Yoast SEO plugin. -->","yoast_head_json":{"title":"AGB - MATEtronix","robots":{"index":"index","follow":"follow","max-snippet":"max-snippet:-1","max-image-preview":"max-image-preview:large","max-video-preview":"max-video-preview:-1"},"canonical":"https:\/\/mate-tronix.com\/en\/agb\/","og_locale":"en_US","og_type":"article","og_title":"AGB - MATEtronix","og_description":"Hier stellen wir Ihnen unsere AGB sowie weitere Vereinbarungen und Dokumente zur Verf\u00fcgung. Allgemeine Gesch\u00e4ftsbedingungen Geheimhaltungsverpflichtung Lieferanten-Selbstbeurteilungsfragebogen Qualit\u00e4tssicherungsvereinbarung","og_url":"https:\/\/mate-tronix.com\/en\/agb\/","og_site_name":"MATEtronix","article_modified_time":"2024-12-19T19:46:17+00:00","twitter_card":"summary_large_image","twitter_misc":{"Est. reading time":"1 minute"},"schema":{"@context":"https:\/\/schema.org","@graph":[{"@type":"WebPage","@id":"https:\/\/mate-tronix.com\/agb\/","url":"https:\/\/mate-tronix.com\/agb\/","name":"AGB - MATEtronix","isPartOf":{"@id":"https:\/\/mate-tronix.com\/#website"},"datePublished":"2024-12-19T19:46:16+00:00","dateModified":"2024-12-19T19:46:17+00:00","breadcrumb":{"@id":"https:\/\/mate-tronix.com\/agb\/#breadcrumb"},"inLanguage":"en-US","potentialAction":[{"@type":"ReadAction","target":["https:\/\/mate-tronix.com\/agb\/"]}]},{"@type":"BreadcrumbList","@id":"https:\/\/mate-tronix.com\/agb\/#breadcrumb","itemListElement":[{"@type":"ListItem","position":1,"name":"Startseite","item":"https:\/\/mate-tronix.com\/"},{"@type":"ListItem","position":2,"name":"AGB"}]},{"@type":"WebSite","@id":"https:\/\/mate-tronix.com\/#website","url":"https:\/\/mate-tronix.com\/","name":"Selectrona","description":"","publisher":{"@id":"https:\/\/mate-tronix.com\/#organization"},"potentialAction":[{"@type":"SearchAction","target":{"@type":"EntryPoint","urlTemplate":"https:\/\/mate-tronix.com\/?s={search_term_string}"},"query-input":{"@type":"PropertyValueSpecification","valueRequired":true,"valueName":"search_term_string"}}],"inLanguage":"en-US"},{"@type":"Organization","@id":"https:\/\/mate-tronix.com\/#organization","name":"Selectrona","url":"https:\/\/mate-tronix.com\/","logo":{"@type":"ImageObject","inLanguage":"en-US","@id":"https:\/\/mate-tronix.com\/#\/schema\/logo\/image\/","url":"https:\/\/mate-tronix.com\/wp-content\/uploads\/2024\/12\/logo-matetronix-2915.png","contentUrl":"https:\/\/mate-tronix.com\/wp-content\/uploads\/2024\/12\/logo-matetronix-2915.png","width":2915,"height":761,"caption":"Selectrona"},"image":{"@id":"https:\/\/mate-tronix.com\/#\/schema\/logo\/image\/"}}]}},"_links":{"self":[{"href":"https:\/\/mate-tronix.com\/en\/wp-json\/wp\/v2\/pages\/14711","targetHints":{"allow":["GET"]}}],"collection":[{"href":"https:\/\/mate-tronix.com\/en\/wp-json\/wp\/v2\/pages"}],"about":[{"href":"https:\/\/mate-tronix.com\/en\/wp-json\/wp\/v2\/types\/page"}],"author":[{"embeddable":true,"href":"https:\/\/mate-tronix.com\/en\/wp-json\/wp\/v2\/users\/14"}],"replies":[{"embeddable":true,"href":"https:\/\/mate-tronix.com\/en\/wp-json\/wp\/v2\/comments?post=14711"}],"version-history":[{"count":1,"href":"https:\/\/mate-tronix.com\/en\/wp-json\/wp\/v2\/pages\/14711\/revisions"}],"predecessor-version":[{"id":15479,"href":"https:\/\/mate-tronix.com\/en\/wp-json\/wp\/v2\/pages\/14711\/revisions\/15479"}],"wp:attachment":[{"href":"https:\/\/mate-tronix.com\/en\/wp-json\/wp\/v2\/media?parent=14711"}],"curies":[{"name":"wp","href":"https:\/\/api.w.org\/{rel}","templated":true}]}}